{"id":440,"date":"2026-01-31T08:08:31","date_gmt":"2026-01-31T08:08:31","guid":{"rendered":"https:\/\/qixiangmaterial.com\/?page_id=440"},"modified":"2026-02-28T00:59:02","modified_gmt":"2026-02-28T00:59:02","slug":"privacy-policy","status":"publish","type":"page","link":"https:\/\/qixiangmaterial.com\/de\/privacy-policy\/","title":{"rendered":"Datenschutzbestimmungen"},"content":{"rendered":"<div data-elementor-type=\"wp-page\" data-elementor-id=\"440\" class=\"elementor elementor-440\" data-elementor-post-type=\"page\">\n\t\t\t\t<div class=\"elementor-element elementor-element-469308b e-flex e-con-boxed e-con e-parent\" data-id=\"469308b\" data-element_type=\"container\" data-e-type=\"container\" data-settings=\"{&quot;background_background&quot;:&quot;classic&quot;}\">\n\t\t\t\t\t<div class=\"e-con-inner\">\n\t\t\t\t<div class=\"elementor-element elementor-element-544dd35 elementor-widget elementor-widget-heading\" data-id=\"544dd35\" data-element_type=\"widget\" data-e-type=\"widget\" data-widget_type=\"heading.default\">\n\t\t\t\t\t<h2 class=\"elementor-heading-title elementor-size-default\">Datenschutzbestimmungen<\/h2>\t\t\t\t<\/div>\n\t\t\t\t<div class=\"elementor-element elementor-element-56bc2cc elementor-icon-list--layout-inline elementor-align-center elementor-list-item-link-full_width elementor-widget elementor-widget-icon-list\" data-id=\"56bc2cc\" data-element_type=\"widget\" data-e-type=\"widget\" data-widget_type=\"icon-list.default\">\n\t\t\t\t\t\t\t<ul class=\"elementor-icon-list-items elementor-inline-items\">\n\t\t\t\t\t\t\t<li class=\"elementor-icon-list-item elementor-inline-item\">\n\t\t\t\t\t\t\t\t\t\t\t<a href=\"https:\/\/qixiangmaterial.com\/de\/\">\n\n\t\t\t\t\t\t\t\t\t\t\t\t<span class=\"elementor-icon-list-icon\">\n\t\t\t\t\t\t\t<svg aria-hidden=\"true\" class=\"e-font-icon-svg e-fas-home\" viewbox=\"0 0 576 512\" xmlns=\"http:\/\/www.w3.org\/2000\/svg\"><path d=\"M280.37 148.26L96 300.11V464a16 16 0 0 0 16 16l112.06-.29a16 16 0 0 0 15.92-16V368a16 16 0 0 1 16-16h64a16 16 0 0 1 16 16v95.64a16 16 0 0 0 16 16.05L464 480a16 16 0 0 0 16-16V300L295.67 148.26a12.19 12.19 0 0 0-15.3 0zM571.6 251.47L488 182.56V44.05a12 12 0 0 0-12-12h-56a12 12 0 0 0-12 12v72.61L318.47 43a48 48 0 0 0-61 0L4.34 251.47a12 12 0 0 0-1.6 16.9l25.5 31A12 12 0 0 0 45.15 301l235.22-193.74a12.19 12.19 0 0 1 15.3 0L530.9 301a12 12 0 0 0 16.9-1.6l25.5-31a12 12 0 0 0-1.7-16.93z\"><\/path><\/svg>\t\t\t\t\t\t<\/span>\n\t\t\t\t\t\t\t\t\t\t<span class=\"elementor-icon-list-text\">Startseite<\/span>\n\t\t\t\t\t\t\t\t\t\t\t<\/a>\n\t\t\t\t\t\t\t\t\t<\/li>\n\t\t\t\t\t\t\t\t<li class=\"elementor-icon-list-item elementor-inline-item\">\n\t\t\t\t\t\t\t\t\t\t\t<span class=\"elementor-icon-list-icon\">\n\t\t\t\t\t\t\t<svg aria-hidden=\"true\" class=\"e-font-icon-svg e-fas-angle-right\" viewbox=\"0 0 256 512\" xmlns=\"http:\/\/www.w3.org\/2000\/svg\"><path d=\"M224.3 273l-136 136c-9.4 9.4-24.6 9.4-33.9 0l-22.6-22.6c-9.4-9.4-9.4-24.6 0-33.9l96.4-96.4-96.4-96.4c-9.4-9.4-9.4-24.6 0-33.9L54.3 103c9.4-9.4 24.6-9.4 33.9 0l136 136c9.5 9.4 9.5 24.6.1 34z\"><\/path><\/svg>\t\t\t\t\t\t<\/span>\n\t\t\t\t\t\t\t\t\t\t<span class=\"elementor-icon-list-text\">Datenschutzbestimmungen<\/span>\n\t\t\t\t\t\t\t\t\t<\/li>\n\t\t\t\t\t\t<\/ul>\n\t\t\t\t\t\t<\/div>\n\t\t\t\t\t<\/div>\n\t\t\t\t<\/div>\n\t\t<div class=\"elementor-element elementor-element-843ba13 e-flex e-con-boxed e-con e-parent\" data-id=\"843ba13\" data-element_type=\"container\" data-e-type=\"container\">\n\t\t\t\t\t<div class=\"e-con-inner\">\n\t\t\t\t<div class=\"elementor-element elementor-element-6c37d1b elementor-widget elementor-widget-text-editor\" data-id=\"6c37d1b\" data-element_type=\"widget\" data-e-type=\"widget\" data-widget_type=\"text-editor.default\">\n\t\t\t\t\t\t\t\t\t<p><strong><b>Henan Qixiang Neue Materialien<\/b><\/strong>\u00a0verpflichtet sich, Ihre Privatsph\u00e4re zu sch\u00fctzen und Ihr Vertrauen zu verdienen. \u201cHenan Qixiang New Materials verkauft, handelt oder vermietet Ihre pers\u00f6nlichen Daten nicht an andere. Diese Richtlinie enth\u00e4lt die Datenschutzpraktiken f\u00fcr die Website \u201cHenan Qixiang New Materials\u201c. Wir verwenden die Informationen, die wir \u00fcber Sie auf der Website \u201eHenan Qixiang New Materials\u201c sammeln, um Bestellungen zu bearbeiten und eine Beziehung zu Ihnen w\u00e4hrend der Nutzung unserer Produkte und Dienstleistungen aufrechtzuerhalten. Diese Richtlinie erkl\u00e4rt, wie Ihre pers\u00f6nlichen Daten gesch\u00fctzt sind. Es ist unsere Absicht, Ihnen so viel Kontrolle wie m\u00f6glich \u00fcber Ihre Privatsph\u00e4re und Ihre pers\u00f6nlichen Informationen und die Verwendung, die wir in unserem Unternehmen machen, zu geben.<\/p><h4><strong><b>Wie macht <\/b><\/strong><strong><b>Henan Qixiang Neue Materialien<\/b><\/strong><strong><b>\u00a0Meine Informationen verwenden?<\/b><\/strong><\/h4><p>Wir sammeln pers\u00f6nliche Informationen, um uns eine qualitativ hochwertige Benutzererfahrung zu bieten und Henan Qixiang neue Materialien zu unterst\u00fctzen, um unsere Kunden besser zu verstehen. Henan Qixiang New Materials verkauft, handelt oder vermietet Ihre pers\u00f6nlichen Daten nicht an andere. Die pers\u00f6nlichen Daten, die Sie uns zur Verf\u00fcgung stellen, erm\u00f6glichen es Henan Qixiang, neue Materialien zu verarbeiten und zu erf\u00fcllen, um Ihre Anfrage f\u00fcr eine kostenlose Testversion des Henan Qixiang New Materials Training Center zu verarbeiten und zu erf\u00fcllen. Wir verwenden diese Informationen auch, wenn Sie unsere Produkte und Dienstleistungen bestellen, um Ihre Bestellung zu bearbeiten und abzuschlie\u00dfen und Sie \u00fcber Ihren Bestellstatus zu informieren.<br \/>1. Wir verwenden die pers\u00f6nlichen Daten, die Sie uns geben, um Ihnen aktuelle Informationen \u00fcber Henan Qixiang New Materials Produkte und Dienstleistungen zur Verf\u00fcgung zu stellen.<br \/>2. Wir k\u00f6nnen die gesammelten Informationen verwenden, um Sie von Zeit zu Zeit \u00fcber wichtige \u00c4nderungen der Funktionalit\u00e4t der Website, neue Henan Qixiang-Dienstleistungen und -produkte sowie Sonderangebote sowie Sonderangebote zu informieren, von denen wir glauben, dass Sie sie wertvoll finden werden.<br \/>3. Wenn Sie uns personenbezogene Daten zur Teilnahme an einem von Henan Qixiang New Materials oder seinen Partnern gesponserten Wettbewerb oder einer Aktion zur Verf\u00fcgung stellen, verwenden wir diese Informationen, um den Wettbewerb zu verwalten und die Gewinner zu benachrichtigen. Wir speichern alle Informationen \u00fcber solche Wettbewerbe und Aktionen.<br \/>4. Wir liefern gezielte Werbung oder Werbeaktionen an unsere Kunden, indem wir die von Ihnen uns \u00fcbermittelten pers\u00f6nlichen Daten verwenden. Wir erlauben keine Werbekunden, Zugriff auf individuelle Kontoinformationen zu haben. Diese Anzeigen sind in der Regel Bannerwerbung und Werbe-E-Mails.<br \/>5. Wir untersuchen auch die demografischen Daten, Interessen und Verhaltensweisen unserer Nutzer anhand der Informationen, die Sie uns in unserem Online-Umfrage-Tool geben. Wir stellen diese Informationen zusammen oder anonym zusammen.<br \/>6. Wir verwenden die von uns gesammelten IP-Adressen, um unseren Werbetreibenden aggregierte oder anonyme Informationen zu melden.\u00a0<\/p><h4><strong><b>Wer sammelt Informationen?<\/b><\/strong><\/h4><p>Wenn Sie pers\u00f6nliche Informationen auf einer Website von Henan Qixiang New Materials bereitstellen, geben Sie diese Informationen nur mit Henan Qixiang New Materials weiter, es sei denn, Ihnen wird ausdr\u00fccklich etwas anderes gesagt. Wenn ein anderes Unternehmen als Henan Qixiang New Materials Ihre pers\u00f6nlichen Daten von unserer Website erfasst oder pflegt, wird Ihnen mitgeteilt, dass es vor der Erfassung oder \u00dcbertragung erfolgt. Sie k\u00f6nnen sich immer daf\u00fcr entscheiden, die Informationen nicht zu teilen. Wenn andere Unternehmen als Henan Qixiang New Materials-Werbeaktionen die auf der Website von Henan Qixiang New Materials im Zusammenhang mit diesen Aktionen gesammelten Daten an den Sponsor weitergeben. In diesem Fall werden Sie erneut vor der Datenerhebung oder -\u00fcbermittlung benachrichtigt und k\u00f6nnen sich entscheiden, nicht teilzunehmen. Die meisten dieser Werbeaktionen sind auf Einwohner der USA oder Nordamerikas beschr\u00e4nkt. Wenn Sie unsere Website \u00fcber Links verlassen, um auf andere Websites von Drittanbietern zu gelangen, k\u00f6nnen diese Dritten Informationen \u00fcber Sie sammeln. Diese Datenschutzrichtlinie deckt nicht die Praktiken dieser Unternehmen ab.<\/p><h4><strong><b>tut <\/b><\/strong><strong><b>Henan Qixiang Neue Materialien<\/b><\/strong><strong><b>\u00a0Meine Informationen teilen?<\/b><\/strong><\/h4><p>Abgesehen von der in dieser Richtlinie angegebenen Richtlinie gibt Henan Qixiang New Materials keine Ihrer pers\u00f6nlichen Daten ohne Ihre Zustimmung an Dritte weiter. Lesen Sie die folgenden Abschnitte, um mehr zu erfahren.<\/p><h4><strong><b>Andere Situationen<\/b><\/strong><\/h4><p>Henan Qixiang Neue Materialien k\u00f6nnen Ihre Informationen auch offenlegen, wenn Offenlegung erforderlich ist, um jemanden zu identifizieren, zu kontaktieren oder rechtliche Schritte gegen jemanden einzuleiten, der unsere Rechte oder Eigentumsrechte, die Benutzerrechte oder andere Rechte verletzt oder beeintr\u00e4chtigt. Auf die gleiche Weise werden Henan Qixiang New Materials Informationen offenlegen, wenn wir der Ansicht sind, dass die Offenlegung gesetzlich vorgeschrieben ist oder um ein rechtliches Verfahren einzuhalten, das auf Henan Qixiang New Materials oder auf seiner Website zugestellt wird. Wir k\u00f6nnen Ihre pers\u00f6nlichen Daten in gutem Glauben offenlegen, dass wir unter zwingenden Umst\u00e4nden handeln m\u00fcssen, um die pers\u00f6nliche Sicherheit der Benutzer von Henan Qixiang New Materials, seiner Website oder der \u00d6ffentlichkeit zu sch\u00fctzen.<\/p><h4><strong><b>Wie macht<\/b><\/strong><strong><b>Henan Qixiang Neue Materialien<\/b><\/strong><strong><b>\u00a0Sch\u00fctzen Sie Ihre Kreditkarten- und Finanzinformationen?<\/b><\/strong><\/h4><p>Wir verpflichten uns, den Datenschutz Ihrer Kreditkarten- und Finanzkontoinformationen zu sch\u00fctzen. Wir verkaufen, handeln oder vermieten Ihre Finanz- oder Kreditkarteninformationen nicht. Wir stellen diese Informationen ohne Ihre Erlaubnis niemandem zur Verf\u00fcgung. Wir k\u00f6nnen Werbetreibenden, Partnern, Lieferanten und anderen seri\u00f6sen Dritten statistische Daten \u00fcber unsere Kunden zur Verf\u00fcgung stellen. Diese Daten bestehen aus nur aggregierten oder anonymen Daten, die keine personenbezogenen Daten enthalten. Wir geben beispielsweise nicht bekannt, dass Sie ein bestimmtes Produkt gekauft haben, aber wir k\u00f6nnen Statistiken dar\u00fcber offenlegen, wie viele Kunden ein bestimmtes Produkt gekauft haben. Wenn Sie Kreditkarteninformationen auf unserer Website eingeben, \u00fcbertragen wir die Informationen in verschl\u00fcsselter Form mithilfe der SSL-Verschl\u00fcsselung (Secure Socket Layer) in Industriestandard.<\/p><h4><strong><b>Ihre Rechte in Bezug auf Ihre personenbezogenen Daten<\/b><\/strong><\/h4><p>Sie haben das Recht nach dieser Datenschutz- und Cookie-Richtlinie und sind gesetzlich, wenn Sie innerhalb der EU sind,:<\/p><p>-Anfrage des Zugriffs auf Ihre pers\u00f6nlichen Daten.\u00a0 Wenn Sie innerhalb der EU sind, k\u00f6nnen Sie eine Kopie der von uns gespeicherten personenbezogenen Daten erhalten und \u00fcberpr\u00fcfen, ob wir diese rechtm\u00e4\u00dfig verarbeiten.<br \/>-Antragskorrektur der personenbezogenen Daten, die wir \u00fcber Sie speichern.\u00a0 Dadurch k\u00f6nnen Sie unvollst\u00e4ndige oder ungenaue Informationen \u00fcber Sie korrigieren.<br \/>-L\u00f6schen Sie Ihre pers\u00f6nlichen Daten.\u00a0 Dies erm\u00f6glicht es Ihnen, personenbezogene Daten zu l\u00f6schen oder zu entfernen, wenn es keinen guten Grund gibt, dass wir sie weiterverarbeiten. Sie haben auch das Recht, wenn Sie innerhalb der EU sind, uns zu bitten, Ihre personenbezogenen Daten zu l\u00f6schen oder zu entfernen, wenn Sie Ihr Widerspruchsrecht ausge\u00fcbt haben (siehe unten).<br \/>-Objekt gegen die Verarbeitung Ihrer personenbezogenen Daten.\u00a0 Dieses Recht besteht dort, wo wir uns auf ein berechtigtes Interesse als Rechtsgrundlage f\u00fcr unsere Verarbeitung verlassen und es etwas mit Ihrer besonderen Situation zu tun hat, was Sie dazu bringt, der Verarbeitung Ihrer personenbezogenen Daten aus diesem Grund zu widersprechen. Sie haben auch das Recht, zu widersprechen, wo wir Ihre personenbezogenen Daten f\u00fcr Direktmarketingzwecke verarbeiten.<br \/>-Veranlassen Sie die Einschr\u00e4nkung der Verarbeitung Ihrer personenbezogenen Daten. Dies erm\u00f6glicht uns, die Verarbeitung personenbezogener Daten \u00fcber Sie auszusetzen, z. B. wenn Sie m\u00f6chten, dass wir deren Richtigkeit oder den Grund f\u00fcr die Verarbeitung feststellen.<br \/>-Anfrage der \u00dcbertragung Ihrer pers\u00f6nlichen Daten.\u00a0 Wenn Sie innerhalb der EU sind, werden wir Ihnen oder einem von Ihnen ausgew\u00e4hlten Dritten Ihre personenbezogenen Daten in einem strukturierten, allgemein verwendeten, maschinenlesbaren Format zur Verf\u00fcgung stellen. Beachten Sie, dass dieses Recht nur f\u00fcr automatisierte Informationen gilt, die Sie uns zun\u00e4chst zugestimmt haben, oder f\u00fcr die wir die Informationen zur Durchf\u00fchrung eines Vertrags mit Ihnen verwendet haben.<br \/>-Zustimmung ausziehen. Dieses Recht besteht nur dann, wenn wir auf die Zustimmung zur Verarbeitung Ihrer personenbezogenen Daten st\u00fctzen (\u201cEinwilligungsentzug\u201d). Wenn Sie Ihre Einwilligung widerrufen, k\u00f6nnen wir Ihnen m\u00f6glicherweise keinen Zugriff auf die bestimmten Funktionen unserer Website gew\u00e4hren. Wir werden Sie beraten, wenn dies zum Zeitpunkt der Widerrufsbewilligung der Fall ist<\/p><h4><strong><b>Beschwerden<\/b><\/strong><\/h4><p>Wenn Sie eine Beschwerde zu dieser Datenschutzerkl\u00e4rung oder unseren Praktiken in Bezug auf Ihre personenbezogenen Daten einreichen m\u00f6chten, wenden Sie sich bitte an uns unter: <a href=\"mailto:admin@qixiangmaterial.com\"><span style=\"color: #993300;\">admin@qixiangmaterial.com<\/span><\/a><\/p><p>Wir werden Ihre Beschwerde so schnell wie m\u00f6glich beantworten.<\/p><p>Wenn Sie der Meinung sind, dass Ihre Beschwerde nicht angemessen gel\u00f6st wurde, beachten Sie bitte, dass Sie in der EU die DSGVO das Recht haben, sich an Ihre \u00f6rtliche Datenschutzaufsichtsbeh\u00f6rde zu wenden.<\/p><p>Logfiles: Die Protokolldatei wird von Ihrem Browser automatisch gemeldet, wenn Sie eine Webseite aufrufen. Wenn Sie die Dienste nutzen, zeichnen unsere Server automatisch bestimmte Informationen auf, die Ihr Webbrowser bei jedem Besuch einer Website sendet. Diese Server-Protokolle k\u00f6nnen Informationen wie Ihre Webanfrage, Internetprotokolladresse, Browsertyp, verweisende \/ beenden Seiten und URLs, Anzahl der Klicks, Domainnamen, Landingpages, Seiten angesehene Seiten und andere solche Informationen enthalten.<\/p><h4><strong><b>Wie lange speichern wir Ihre pers\u00f6nlichen Daten<\/b><\/strong><\/h4><p>Wir behalten Ihre Daten so lange auf, wie Ihr Konto aktiv ist oder die in der Verwendung Ihrer personenbezogenen Daten dargelegten Zwecke angemessen erforderlich sind und warum, es sei denn, Sie verlangen, dass wir Ihre personenbezogenen Daten gem\u00e4\u00df Ihren Rechten in Bezug auf Ihre personenbezogenen Daten entfernen. Wir speichern Ihre personenbezogenen Daten nur so lange, wie wir sie f\u00fcr diese Zwecke angemessen verwenden m\u00fcssen, es sei denn, eine l\u00e4ngere Aufbewahrungsfrist ist gesetzlich vorgeschrieben (z. B. f\u00fcr regulatorische Zwecke). Dies kann die Aufbewahrung Ihrer personenbezogenen Daten umfassen, nachdem Sie Ihr Konto f\u00fcr die Zeit, die wir ben\u00f6tigen, um legitime Gesch\u00e4ftsinteressen zu verfolgen, zu verfolgen, Audits durchzuf\u00fchren, gesetzliche Verpflichtungen einzuhalten (und demonstrieren), Streitigkeiten beizulegen und unsere Vereinbarungen durchzusetzen.<\/p><h3><strong><b>Was sind Cookies und wie?\u00a0<\/b><\/strong><strong><b>Henan Qixiang Neue Materialien<\/b><\/strong><strong><b>\u00a0Benutze sie?<\/b><\/strong><\/h3><p>Teile unseres Lernmanagementsystems verwenden \u201cCookies\u201d, damit ein Benutzer sofort erkannt und dann verschiedene Berechtigungen im System zugeordnet werden k\u00f6nnen. Ein \u201cCookie\u201d ist ein Datensatz, der von einem Webserver an Ihren Browser gesendet und von Ihrem Browser auf der Festplatte Ihres Computers gespeichert wird. Ihre Browsereinstellungen m\u00fcssen so eingestellt sein, dass sie Cookies akzeptieren, bevor Sie sich anmelden oder anpassen k\u00f6nnen. Die meisten Browser sind so eingerichtet, dass sie Cookies akzeptieren, aber Sie k\u00f6nnen Ihre Browsereinstellungen normalerweise \u00e4ndern, um sie abzulehnen. Henan Qixiang New Materials verwendet keine Cookies, um pers\u00f6nliche Informationen \u00fcber Sie von Ihrem Computer abzurufen. Diese Richtlinie deckt nicht die Verwendung von Cookies durch Werbetreibende auf unserer Website ab. Henan Qixiang New Materials verwendet Cookies, um:<\/p><ul><li>Suchen Sie nach Ihrem Namen und Ihrer Kontoinformationen, wenn Sie sich in Ihrem Henan Qixiang New MaterialsTraining Center anmelden, damit Sie auf Ihre Kontoinformationen zugreifen k\u00f6nnen. Wenn Sie sich anmelden, wird das Cookie gesetzt und bei der Abmeldung wird das Cookie ge\u00e4ndert.<\/li><li>Sch\u00e4tzen Sie die Gr\u00f6\u00dfe unseres Publikums ein. Jeder Browser, der unsere Website besucht, erh\u00e4lt ein eindeutiges Cookie, das dann verwendet wird, um das Ausma\u00df der wiederholten Besuche und die Anzahl der eindeutigen Besucher zu bestimmen.<\/li><\/ul><h3><strong><b>Ihre Zustimmung<\/b><\/strong><\/h3><p>Durch die Nutzung unserer Website stimmen Sie der Erhebung und Verwendung dieser Informationen durch Henan Qixiang New Materials zu. Wenn wir uns entscheiden, unsere Datenschutzrichtlinie zu \u00e4ndern, werden wir diese \u00c4nderungen auf dieser Seite ver\u00f6ffentlichen, damit Sie immer wissen, welche Informationen wir sammeln, wie wir sie verwenden und unter welchen Umst\u00e4nden wir sie offenlegen.<\/p><h4><strong><b>Opt-in \/ Opt-Out-Richtlinie<\/b><\/strong><\/h4><p>Nach der Registrierung oder Einreichung pers\u00f6nlicher Informationen bietet Ihnen Henan Qixiang New Materials die Wahl, weitere Mitteilungen von Henan Qixiang New Materials zu erhalten. Wenn Sie sich f\u00fcr den Erhalt dieser Mitteilungen entscheiden, sendet Ihnen Henan Qixiang New Materials gelegentlich E-Mails oder Postsendungen \u00fcber Produkte und Dienstleistungen, die wir f\u00fcr Sie interessieren k\u00f6nnten. Um diese Angebote nicht zu erhalten, folgen Sie einfach den Anweisungen der \u201cAbmeldung\u201d in jeder E-Mail.<\/p><p>Wenn Sie es vorziehen, Informationen von Henan Qixiang \u00fcber neue Materialien per E-Mail zu erhalten, k\u00f6nnen Sie den Erhalt dieser Mitteilungen ablehnen, indem Sie den Anweisungen in jeder E-Mail folgen. Wenn Sie lieber keine Informationen von Henan Qixiang New Materials Mail erhalten m\u00f6chten, kontaktieren Sie uns unter <span style=\"color: #993300;\"><a style=\"color: #993300;\" href=\"mailto:admin@qixiangmaterial.com\">admin@qixiangmaterial.com<\/a><\/span>\u00a0Henan Qixiang New Materials verkauft, handelt oder vermietet Ihre pers\u00f6nlichen Daten nicht an andere.<\/p><h4><strong><b>Kontaktieren Sie die Website<\/b><\/strong><\/h4><p>Wenn Sie Fragen zu dieser Datenschutzrichtlinie, den Praktiken dieser Website oder zu Ihrem Umgang mit dieser Website haben, wenden Sie sich bitte an:to bereitstellen <span style=\"color: #993300;\"><a style=\"color: #993300;\" href=\"mailto:admin@qixiangmaterial.com\">admin@qixiangmaterial.com<\/a><\/span><\/p>\t\t\t\t\t\t\t\t<\/div>\n\t\t\t\t\t<\/div>\n\t\t\t\t<\/div>\n\t\t\t\t<\/div>","protected":false},"excerpt":{"rendered":"<p>Privacy Policy Home Privacy Policy Henan Qixiang New Materials\u00a0is committed to protecting your privacy and earning your trust. \u201cHenan Qixiang New Materials\u00a0does not sell, trade, or rent your personal information to others. This policy discloses the privacy practices for the \u201cHenan Qixiang New Materials\u00a0Web site. We use the information we collect about you from the [&hellip;]<\/p>","protected":false},"author":1,"featured_media":0,"parent":0,"menu_order":0,"comment_status":"closed","ping_status":"closed","template":"","meta":{"footnotes":""},"class_list":["post-440","page","type-page","status-publish","hentry"],"_links":{"self":[{"href":"https:\/\/qixiangmaterial.com\/de\/wp-json\/wp\/v2\/pages\/440","targetHints":{"allow":["GET"]}}],"collection":[{"href":"https:\/\/qixiangmaterial.com\/de\/wp-json\/wp\/v2\/pages"}],"about":[{"href":"https:\/\/qixiangmaterial.com\/de\/wp-json\/wp\/v2\/types\/page"}],"author":[{"embeddable":true,"href":"https:\/\/qixiangmaterial.com\/de\/wp-json\/wp\/v2\/users\/1"}],"replies":[{"embeddable":true,"href":"https:\/\/qixiangmaterial.com\/de\/wp-json\/wp\/v2\/comments?post=440"}],"version-history":[{"count":25,"href":"https:\/\/qixiangmaterial.com\/de\/wp-json\/wp\/v2\/pages\/440\/revisions"}],"predecessor-version":[{"id":959,"href":"https:\/\/qixiangmaterial.com\/de\/wp-json\/wp\/v2\/pages\/440\/revisions\/959"}],"wp:attachment":[{"href":"https:\/\/qixiangmaterial.com\/de\/wp-json\/wp\/v2\/media?parent=440"}],"curies":[{"name":"WP","href":"https:\/\/api.w.org\/{rel}","templated":true}]}}