{"id":727,"date":"2026-02-03T10:52:56","date_gmt":"2026-02-03T10:52:56","guid":{"rendered":"https:\/\/qixiangmaterial.com\/?page_id=727"},"modified":"2026-02-28T00:59:28","modified_gmt":"2026-02-28T00:59:28","slug":"shipping-policy","status":"publish","type":"page","link":"https:\/\/qixiangmaterial.com\/de\/shipping-policy\/","title":{"rendered":"Versandpolitik"},"content":{"rendered":"<div data-elementor-type=\"wp-page\" data-elementor-id=\"727\" class=\"elementor elementor-727\" data-elementor-post-type=\"page\">\n\t\t\t\t<div class=\"elementor-element elementor-element-464bf8a e-flex e-con-boxed e-con e-parent\" data-id=\"464bf8a\" data-element_type=\"container\" data-e-type=\"container\" data-settings=\"{&quot;background_background&quot;:&quot;classic&quot;}\">\n\t\t\t\t\t<div class=\"e-con-inner\">\n\t\t\t\t<div class=\"elementor-element elementor-element-3abc1f9 elementor-widget elementor-widget-heading\" data-id=\"3abc1f9\" data-element_type=\"widget\" data-e-type=\"widget\" data-widget_type=\"heading.default\">\n\t\t\t\t\t<h2 class=\"elementor-heading-title elementor-size-default\">Datenschutzbestimmungen<\/h2>\t\t\t\t<\/div>\n\t\t\t\t<div class=\"elementor-element elementor-element-6d06571 elementor-icon-list--layout-inline elementor-align-center elementor-list-item-link-full_width elementor-widget elementor-widget-icon-list\" data-id=\"6d06571\" data-element_type=\"widget\" data-e-type=\"widget\" data-widget_type=\"icon-list.default\">\n\t\t\t\t\t\t\t<ul class=\"elementor-icon-list-items elementor-inline-items\">\n\t\t\t\t\t\t\t<li class=\"elementor-icon-list-item elementor-inline-item\">\n\t\t\t\t\t\t\t\t\t\t\t<a href=\"https:\/\/qixiangmaterial.com\/de\/\">\n\n\t\t\t\t\t\t\t\t\t\t\t\t<span class=\"elementor-icon-list-icon\">\n\t\t\t\t\t\t\t<svg aria-hidden=\"true\" class=\"e-font-icon-svg e-fas-home\" viewbox=\"0 0 576 512\" xmlns=\"http:\/\/www.w3.org\/2000\/svg\"><path d=\"M280.37 148.26L96 300.11V464a16 16 0 0 0 16 16l112.06-.29a16 16 0 0 0 15.92-16V368a16 16 0 0 1 16-16h64a16 16 0 0 1 16 16v95.64a16 16 0 0 0 16 16.05L464 480a16 16 0 0 0 16-16V300L295.67 148.26a12.19 12.19 0 0 0-15.3 0zM571.6 251.47L488 182.56V44.05a12 12 0 0 0-12-12h-56a12 12 0 0 0-12 12v72.61L318.47 43a48 48 0 0 0-61 0L4.34 251.47a12 12 0 0 0-1.6 16.9l25.5 31A12 12 0 0 0 45.15 301l235.22-193.74a12.19 12.19 0 0 1 15.3 0L530.9 301a12 12 0 0 0 16.9-1.6l25.5-31a12 12 0 0 0-1.7-16.93z\"><\/path><\/svg>\t\t\t\t\t\t<\/span>\n\t\t\t\t\t\t\t\t\t\t<span class=\"elementor-icon-list-text\">Startseite<\/span>\n\t\t\t\t\t\t\t\t\t\t\t<\/a>\n\t\t\t\t\t\t\t\t\t<\/li>\n\t\t\t\t\t\t\t\t<li class=\"elementor-icon-list-item elementor-inline-item\">\n\t\t\t\t\t\t\t\t\t\t\t<span class=\"elementor-icon-list-icon\">\n\t\t\t\t\t\t\t<svg aria-hidden=\"true\" class=\"e-font-icon-svg e-fas-angle-right\" viewbox=\"0 0 256 512\" xmlns=\"http:\/\/www.w3.org\/2000\/svg\"><path d=\"M224.3 273l-136 136c-9.4 9.4-24.6 9.4-33.9 0l-22.6-22.6c-9.4-9.4-9.4-24.6 0-33.9l96.4-96.4-96.4-96.4c-9.4-9.4-9.4-24.6 0-33.9L54.3 103c9.4-9.4 24.6-9.4 33.9 0l136 136c9.5 9.4 9.5 24.6.1 34z\"><\/path><\/svg>\t\t\t\t\t\t<\/span>\n\t\t\t\t\t\t\t\t\t\t<span class=\"elementor-icon-list-text\">Datenschutzbestimmungen<\/span>\n\t\t\t\t\t\t\t\t\t<\/li>\n\t\t\t\t\t\t<\/ul>\n\t\t\t\t\t\t<\/div>\n\t\t\t\t\t<\/div>\n\t\t\t\t<\/div>\n\t\t<div class=\"elementor-element elementor-element-5007044 e-flex e-con-boxed e-con e-parent\" data-id=\"5007044\" data-element_type=\"container\" data-e-type=\"container\">\n\t\t\t\t\t<div class=\"e-con-inner\">\n\t\t\t\t<div class=\"elementor-element elementor-element-f5e043c elementor-widget elementor-widget-text-editor\" data-id=\"f5e043c\" data-element_type=\"widget\" data-e-type=\"widget\" data-widget_type=\"text-editor.default\">\n\t\t\t\t\t\t\t\t\t<p>auf <strong><b>Henan Qixiang Neue Materialien. <\/b><\/strong>Wir bem\u00fchen uns, unsere Produkte zeitnah und effizient an unsere Kunden zu liefern.<\/p><div class=\"elementor-element elementor-element-c97a697 elementor-widget elementor-widget-heading\" data-id=\"c97a697\" data-element_type=\"widget\" data-widget_type=\"heading.default\"><p>Wir versenden unsere Produkte sowohl im In- als auch im Ausland.<\/p><\/div><div class=\"elementor-element elementor-element-331976b elementor-widget elementor-widget-text-editor\" data-id=\"331976b\" data-element_type=\"widget\" data-widget_type=\"text-editor.default\"><h5>Inlandsversand:<\/h5><p>Wir versenden unsere Produkte auf dem chinesischen Festland \u00fcber verschiedene Versandunternehmen, je nach Produkt und Standort des Kunden.<\/p><p>Die Versandkosten f\u00fcr das Inland k\u00f6nnen je nach Gewicht und Gr\u00f6\u00dfe des Produkts sowie des Versandziels variieren.<\/p><p>Die gesch\u00e4tzte Lieferzeit f\u00fcr Inlandssendungen betr\u00e4gt in der Regel innerhalb von 3-7 Werktagen, abh\u00e4ngig vom Versandunternehmen und dem Versandziel.<\/p><h5>Internationaler Versand:<\/h5><p>Wir versenden unsere Produkte \u00fcber verschiedene Versandunternehmen, je nach Produkt und Standort des Kunden, an internationale Kunden.<\/p><p>Die internationalen Versandkosten k\u00f6nnen je nach Gewicht und Gr\u00f6\u00dfe des Produkts sowie des Versandziels variieren.<\/p><p>Die gesch\u00e4tzte Lieferzeit f\u00fcr internationale Sendungen variiert je nach Versandunternehmen und Versandziel. Die Lieferzeiten k\u00f6nnen durch den Zoll und andere Faktoren beeinflusst werden, die au\u00dferhalb unserer Kontrolle liegen.<\/p><p>Bitte beachten Sie, dass wir nicht f\u00fcr Z\u00f6lle, Steuern oder Geb\u00fchren verantwortlich sind, die vom Zielland erhoben werden. Der Kunde ist f\u00fcr solche Geb\u00fchren verantwortlich.<\/p><p>Wenn Sie Fragen oder Bedenken bez\u00fcglich des Versands haben, z\u00f6gern Sie bitte nicht, uns unter zu kontaktieren<span style=\"color: #ff0000;\"><span style=\"color: #993300;\"><a style=\"color: #993300;\" href=\"mailto:admin@qixiangmaterial.com\"> admin@qixiangmaterial.com<\/a><\/span><\/span><\/p><\/div>\t\t\t\t\t\t\t\t<\/div>\n\t\t\t\t\t<\/div>\n\t\t\t\t<\/div>\n\t\t\t\t<\/div>","protected":false},"excerpt":{"rendered":"<p>Privacy Policy Home Privacy Policy At Henan Qixiang New Materials. we strive to provide timely and efficient delivery of our products to our customers. We ship our products to customers both domestically and internationally. Domestic Shipping: We ship our products within mainland China via various shipping carriers, depending on the product and the location of [&hellip;]<\/p>","protected":false},"author":1,"featured_media":0,"parent":0,"menu_order":0,"comment_status":"closed","ping_status":"closed","template":"","meta":{"footnotes":""},"class_list":["post-727","page","type-page","status-publish","hentry"],"_links":{"self":[{"href":"https:\/\/qixiangmaterial.com\/de\/wp-json\/wp\/v2\/pages\/727","targetHints":{"allow":["GET"]}}],"collection":[{"href":"https:\/\/qixiangmaterial.com\/de\/wp-json\/wp\/v2\/pages"}],"about":[{"href":"https:\/\/qixiangmaterial.com\/de\/wp-json\/wp\/v2\/types\/page"}],"author":[{"embeddable":true,"href":"https:\/\/qixiangmaterial.com\/de\/wp-json\/wp\/v2\/users\/1"}],"replies":[{"embeddable":true,"href":"https:\/\/qixiangmaterial.com\/de\/wp-json\/wp\/v2\/comments?post=727"}],"version-history":[{"count":10,"href":"https:\/\/qixiangmaterial.com\/de\/wp-json\/wp\/v2\/pages\/727\/revisions"}],"predecessor-version":[{"id":962,"href":"https:\/\/qixiangmaterial.com\/de\/wp-json\/wp\/v2\/pages\/727\/revisions\/962"}],"wp:attachment":[{"href":"https:\/\/qixiangmaterial.com\/de\/wp-json\/wp\/v2\/media?parent=727"}],"curies":[{"name":"WP","href":"https:\/\/api.w.org\/{rel}","templated":true}]}}