{"id":732,"date":"2026-02-03T10:55:37","date_gmt":"2026-02-03T10:55:37","guid":{"rendered":"https:\/\/qixiangmaterial.com\/?page_id=732"},"modified":"2026-02-28T01:01:37","modified_gmt":"2026-02-28T01:01:37","slug":"refund-policy","status":"publish","type":"page","link":"https:\/\/qixiangmaterial.com\/de\/refund-policy\/","title":{"rendered":"Erstattungspolitik"},"content":{"rendered":"<div data-elementor-type=\"wp-page\" data-elementor-id=\"732\" class=\"elementor elementor-732\" data-elementor-post-type=\"page\">\n\t\t\t\t<div class=\"elementor-element elementor-element-8141ddd e-flex e-con-boxed e-con e-parent\" data-id=\"8141ddd\" data-element_type=\"container\" data-e-type=\"container\" data-settings=\"{&quot;background_background&quot;:&quot;classic&quot;}\">\n\t\t\t\t\t<div class=\"e-con-inner\">\n\t\t\t\t<div class=\"elementor-element elementor-element-955769f elementor-widget elementor-widget-heading\" data-id=\"955769f\" data-element_type=\"widget\" data-e-type=\"widget\" data-widget_type=\"heading.default\">\n\t\t\t\t\t<h2 class=\"elementor-heading-title elementor-size-default\">Erstattungspolitik<\/h2>\t\t\t\t<\/div>\n\t\t\t\t<div class=\"elementor-element elementor-element-9dbd7b1 elementor-icon-list--layout-inline elementor-align-center elementor-list-item-link-full_width elementor-widget elementor-widget-icon-list\" data-id=\"9dbd7b1\" data-element_type=\"widget\" data-e-type=\"widget\" data-widget_type=\"icon-list.default\">\n\t\t\t\t\t\t\t<ul class=\"elementor-icon-list-items elementor-inline-items\">\n\t\t\t\t\t\t\t<li class=\"elementor-icon-list-item elementor-inline-item\">\n\t\t\t\t\t\t\t\t\t\t\t<a href=\"https:\/\/qixiangmaterial.com\/de\/\">\n\n\t\t\t\t\t\t\t\t\t\t\t\t<span class=\"elementor-icon-list-icon\">\n\t\t\t\t\t\t\t<svg aria-hidden=\"true\" class=\"e-font-icon-svg e-fas-home\" viewbox=\"0 0 576 512\" xmlns=\"http:\/\/www.w3.org\/2000\/svg\"><path d=\"M280.37 148.26L96 300.11V464a16 16 0 0 0 16 16l112.06-.29a16 16 0 0 0 15.92-16V368a16 16 0 0 1 16-16h64a16 16 0 0 1 16 16v95.64a16 16 0 0 0 16 16.05L464 480a16 16 0 0 0 16-16V300L295.67 148.26a12.19 12.19 0 0 0-15.3 0zM571.6 251.47L488 182.56V44.05a12 12 0 0 0-12-12h-56a12 12 0 0 0-12 12v72.61L318.47 43a48 48 0 0 0-61 0L4.34 251.47a12 12 0 0 0-1.6 16.9l25.5 31A12 12 0 0 0 45.15 301l235.22-193.74a12.19 12.19 0 0 1 15.3 0L530.9 301a12 12 0 0 0 16.9-1.6l25.5-31a12 12 0 0 0-1.7-16.93z\"><\/path><\/svg>\t\t\t\t\t\t<\/span>\n\t\t\t\t\t\t\t\t\t\t<span class=\"elementor-icon-list-text\">Startseite<\/span>\n\t\t\t\t\t\t\t\t\t\t\t<\/a>\n\t\t\t\t\t\t\t\t\t<\/li>\n\t\t\t\t\t\t\t\t<li class=\"elementor-icon-list-item elementor-inline-item\">\n\t\t\t\t\t\t\t\t\t\t\t<span class=\"elementor-icon-list-icon\">\n\t\t\t\t\t\t\t<svg aria-hidden=\"true\" class=\"e-font-icon-svg e-fas-angle-right\" viewbox=\"0 0 256 512\" xmlns=\"http:\/\/www.w3.org\/2000\/svg\"><path d=\"M224.3 273l-136 136c-9.4 9.4-24.6 9.4-33.9 0l-22.6-22.6c-9.4-9.4-9.4-24.6 0-33.9l96.4-96.4-96.4-96.4c-9.4-9.4-9.4-24.6 0-33.9L54.3 103c9.4-9.4 24.6-9.4 33.9 0l136 136c9.5 9.4 9.5 24.6.1 34z\"><\/path><\/svg>\t\t\t\t\t\t<\/span>\n\t\t\t\t\t\t\t\t\t\t<span class=\"elementor-icon-list-text\">Erstattungspolitik<\/span>\n\t\t\t\t\t\t\t\t\t<\/li>\n\t\t\t\t\t\t<\/ul>\n\t\t\t\t\t\t<\/div>\n\t\t\t\t\t<\/div>\n\t\t\t\t<\/div>\n\t\t<div class=\"elementor-element elementor-element-429b028 e-flex e-con-boxed e-con e-parent\" data-id=\"429b028\" data-element_type=\"container\" data-e-type=\"container\">\n\t\t\t\t\t<div class=\"e-con-inner\">\n\t\t\t\t<div class=\"elementor-element elementor-element-c2e09dc elementor-widget elementor-widget-text-editor\" data-id=\"c2e09dc\" data-element_type=\"widget\" data-e-type=\"widget\" data-widget_type=\"text-editor.default\">\n\t\t\t\t\t\t\t\t\t<p>auf <strong><b>Henan Qixiang Neue Materialien<\/b><\/strong><strong>.<\/strong>\u00a0Wir bem\u00fchen uns, qualitativ hochwertige Produkte und exzellenten Kundenservice zu bieten. Wir verstehen, dass ein Produkt manchmal nicht Ihren Erwartungen entspricht. In einem solchen Fall bieten wir eine R\u00fcckerstattungsrichtlinie an, die es Ihnen erm\u00f6glicht, das Produkt innerhalb eines bestimmten Zeitraums ab dem Kaufdatum zur\u00fcckzugeben.<\/p><p>Bitte beachten Sie, dass wir keine Versprechen oder Garantien \u00fcber das Ergebnis eines von uns angebotenen Produkts abgeben k\u00f6nnen. Wir bem\u00fchen uns, qualitativ hochwertige Produkte anzubieten, aber der Erfolg eines jeden Produkts h\u00e4ngt von verschiedenen Faktoren ab, die au\u00dferhalb unserer Kontrolle liegen. Daher k\u00f6nnen wir keine R\u00fcckerstattungen basierend auf dem Ergebnis eines Produkts anbieten.<\/p><p>Unsere R\u00fcckerstattungsrichtlinie lautet wie folgt:<\/p><p>Wenn Sie mit dem Produkt nicht zufrieden sind, k\u00f6nnen Sie m\u00f6glicherweise eine R\u00fccksendung erhalten.<\/p><p>Um eine R\u00fccksendung zu initiieren, kontaktieren Sie uns bitte unter <a href=\"mailto:admin@qixiangmaterial.com\"><span style=\"color: #993300;\">admin@qixiangmaterial.com<\/span><\/a><\/p><p>Das Produkt muss in der Originalverpackung und in einem neuen Zustand sein, um f\u00fcr eine R\u00fccksendung berechtigt zu sein.<\/p><p>Versand- und Bearbeitungsgeb\u00fchren sind nicht erstattungsf\u00e4hig.<\/p><p>Sobald wir das Produkt erhalten haben, werden wir es bewerten und feststellen, ob eine R\u00fcckgabe angemessen ist.<\/p><p>Bitte beachten Sie, dass wir uns das Recht vorbehalten, eine R\u00fccksendung abzulehnen, wenn das Produkt unsere R\u00fcckgabebedingungen nicht erf\u00fcllt.<\/p><p>Wenn Sie Fragen oder Bedenken zu unserer R\u00fcckerstattungsrichtlinie haben, z\u00f6gern Sie bitte nicht, uns unter zu kontaktieren <a href=\"mailto:admin@qixiangmaterial.com\"><span style=\"color: #993300;\">admin@qixiangmaterial.com<\/span><\/a><\/p>\t\t\t\t\t\t\t\t<\/div>\n\t\t\t\t\t<\/div>\n\t\t\t\t<\/div>\n\t\t\t\t<\/div>","protected":false},"excerpt":{"rendered":"<p>Refund Policy Home Refund Policy At Henan Qixiang New Materials.\u00a0we strive to provide high-quality products and excellent customer service. We understand that sometimes a product may not meet your expectations. In such an event, we offer a refund policy that allows you to return the product within a certain period of time from the date [&hellip;]<\/p>","protected":false},"author":1,"featured_media":0,"parent":0,"menu_order":0,"comment_status":"closed","ping_status":"closed","template":"","meta":{"footnotes":""},"class_list":["post-732","page","type-page","status-publish","hentry"],"_links":{"self":[{"href":"https:\/\/qixiangmaterial.com\/de\/wp-json\/wp\/v2\/pages\/732","targetHints":{"allow":["GET"]}}],"collection":[{"href":"https:\/\/qixiangmaterial.com\/de\/wp-json\/wp\/v2\/pages"}],"about":[{"href":"https:\/\/qixiangmaterial.com\/de\/wp-json\/wp\/v2\/types\/page"}],"author":[{"embeddable":true,"href":"https:\/\/qixiangmaterial.com\/de\/wp-json\/wp\/v2\/users\/1"}],"replies":[{"embeddable":true,"href":"https:\/\/qixiangmaterial.com\/de\/wp-json\/wp\/v2\/comments?post=732"}],"version-history":[{"count":10,"href":"https:\/\/qixiangmaterial.com\/de\/wp-json\/wp\/v2\/pages\/732\/revisions"}],"predecessor-version":[{"id":965,"href":"https:\/\/qixiangmaterial.com\/de\/wp-json\/wp\/v2\/pages\/732\/revisions\/965"}],"wp:attachment":[{"href":"https:\/\/qixiangmaterial.com\/de\/wp-json\/wp\/v2\/media?parent=732"}],"curies":[{"name":"WP","href":"https:\/\/api.w.org\/{rel}","templated":true}]}}