{"id":101,"date":"2026-01-28T10:12:10","date_gmt":"2026-01-28T10:12:10","guid":{"rendered":"https:\/\/qixiangmaterial.com\/?post_type=product&#038;p=101"},"modified":"2026-02-28T06:54:53","modified_gmt":"2026-02-28T06:54:53","slug":"heating-rod-clamp","status":"publish","type":"product","link":"https:\/\/qixiangmaterial.com\/de\/produkt\/heating-rod-clamp\/","title":{"rendered":"Heizstabklemme"},"content":{"rendered":"<div style=\"overflow-x: auto; width: 100%;\">\n<h2>Heizstabklemme<\/h2>\n<table style=\"width: 100%; border-collapse: collapse;\">\n<tbody>\n<tr>\n<td rowspan=\"2\" width=\"741\">Siliziumkarbid-Durchmesser (mm)<\/td>\n<td colspan=\"4\" width=\"1776\">M-shaped heating rod clamp<\/td>\n<td colspan=\"3\" width=\"1329\">T-shaped heating rod clamp<\/td>\n<\/tr>\n<tr>\n<td width=\"444\">modellieren<\/td>\n<td width=\"443\">Innendurchmesser<\/td>\n<td width=\"444\">Breite<\/td>\n<td width=\"444\">Abstand<\/td>\n<td width=\"444\">modellieren<\/td>\n<td width=\"443\">Innendurchmesser<\/td>\n<td width=\"441\">Breite<\/td>\n<\/tr>\n<tr>\n<td width=\"741\">7<\/td>\n<td width=\"444\">M-07<\/td>\n<td width=\"443\">7<\/td>\n<td width=\"444\">13<\/td>\n<td width=\"444\">32<\/td>\n<td width=\"444\">n \/ a<\/td>\n<td width=\"443\"><\/td>\n<td width=\"441\">13<\/td>\n<\/tr>\n<tr>\n<td width=\"741\">10<\/td>\n<td width=\"444\">M-10<\/td>\n<td width=\"443\">10<\/td>\n<td width=\"444\">13<\/td>\n<td width=\"444\">34<\/td>\n<td width=\"444\">T-10<\/td>\n<td width=\"443\">11<\/td>\n<td width=\"441\">13<\/td>\n<\/tr>\n<tr>\n<td width=\"741\">12<\/td>\n<td width=\"444\">M-12<\/td>\n<td width=\"443\">13<\/td>\n<td width=\"444\">13<\/td>\n<td width=\"444\">37<\/td>\n<td width=\"444\">T-12<\/td>\n<td width=\"443\">13<\/td>\n<td width=\"441\">13<\/td>\n<\/tr>\n<tr>\n<td width=\"741\">14<\/td>\n<td width=\"444\">M-14<\/td>\n<td width=\"443\">13<\/td>\n<td width=\"444\">13<\/td>\n<td width=\"444\">37<\/td>\n<td width=\"444\">T-14<\/td>\n<td width=\"443\">13<\/td>\n<td width=\"441\">13<\/td>\n<\/tr>\n<tr>\n<td width=\"741\">16<\/td>\n<td width=\"444\">M-16<\/td>\n<td width=\"443\">16<\/td>\n<td width=\"444\">13<\/td>\n<td width=\"444\">56<\/td>\n<td width=\"444\">T-16<\/td>\n<td width=\"443\">16<\/td>\n<td width=\"441\">13<\/td>\n<\/tr>\n<tr>\n<td width=\"741\">19<\/td>\n<td width=\"444\">M-19<\/td>\n<td width=\"443\">19<\/td>\n<td width=\"444\">19<\/td>\n<td width=\"444\">28<\/td>\n<td width=\"444\">T-19<\/td>\n<td width=\"443\">19<\/td>\n<td width=\"441\">19<\/td>\n<\/tr>\n<tr>\n<td width=\"741\">25<\/td>\n<td width=\"444\">M-25<\/td>\n<td width=\"443\">25<\/td>\n<td width=\"444\">25<\/td>\n<td width=\"444\">77<\/td>\n<td width=\"444\">T-25<\/td>\n<td width=\"443\">25<\/td>\n<td width=\"441\">25<\/td>\n<\/tr>\n<tr>\n<td width=\"741\">32<\/td>\n<td width=\"444\">M-32<\/td>\n<td width=\"443\">30<\/td>\n<td width=\"444\">32<\/td>\n<td width=\"444\">81<\/td>\n<td width=\"444\">T-32<\/td>\n<td width=\"443\">30<\/td>\n<td width=\"441\">32<\/td>\n<\/tr>\n<tr>\n<td width=\"741\">35<\/td>\n<td width=\"444\">M-35<\/td>\n<td width=\"443\">35<\/td>\n<td width=\"444\">32<\/td>\n<td width=\"444\">97<\/td>\n<td width=\"444\">T-35<\/td>\n<td width=\"443\">35<\/td>\n<td width=\"441\">32<\/td>\n<\/tr>\n<tr>\n<td width=\"741\">38<\/td>\n<td width=\"444\">M-38<\/td>\n<td width=\"443\">35<\/td>\n<td width=\"444\">32<\/td>\n<td width=\"444\">97<\/td>\n<td width=\"444\">T-38<\/td>\n<td width=\"443\">35<\/td>\n<td width=\"441\">32<\/td>\n<\/tr>\n<tr>\n<td width=\"741\">44<\/td>\n<td width=\"444\">M-44<\/td>\n<td width=\"443\">40<\/td>\n<td width=\"444\">38<\/td>\n<td width=\"444\">118<\/td>\n<td width=\"444\">T-44<\/td>\n<td width=\"443\">40<\/td>\n<td width=\"441\">38<\/td>\n<\/tr>\n<tr>\n<td width=\"741\">54<\/td>\n<td width=\"444\">M-54<\/td>\n<td width=\"443\">51<\/td>\n<td width=\"444\">38<\/td>\n<td width=\"444\">114<\/td>\n<td width=\"444\">T-54<\/td>\n<td width=\"443\">51<\/td>\n<td width=\"441\">38<\/td>\n<\/tr>\n<tr>\n<td width=\"741\">70<\/td>\n<td width=\"444\">n \/ a<\/td>\n<td width=\"443\">n \/ a<\/td>\n<td width=\"444\">n \/ a<\/td>\n<td width=\"444\">n \/ a<\/td>\n<td width=\"444\">T-70<\/td>\n<td width=\"443\">63<\/td>\n<td width=\"441\">38<\/td>\n<\/tr>\n<\/tbody>\n<\/table>\n<h3><strong>Produktmerkmale<\/strong><\/h3>\n<p>\u2022 Strukturelles Design<br \/>\n\u25e6 M-Typ-Klemme: Dies ist eine Doppelklemmstruktur mit Befestigungsohren, die durch Montagel\u00f6cher auf beiden Seiten mit den Ofenk\u00f6rperhalterungen verbunden ist und eine st\u00e4rkere Unterst\u00fctzung und Stabilit\u00e4t bietet und f\u00fcr schwere oder schwere Siliziumkarbidstangen geeignet ist.<br \/>\n\u25e6 T-Typ-Klemme: Dies ist eine Einspannstruktur mit einfacherer Montagemethode, die sich zur schnellen Befestigung von Siliziumkarbidstangen mit kleinem und mittlerem Durchmesser eignet.<br \/>\n\u2022 Materialleistung: Hergestellt aus hochtemperaturbest\u00e4ndigem Metallmaterial, besitzt eine gute W\u00e4rmebest\u00e4ndigkeit und Elastizit\u00e4t, d\u00e4mpft die Verformung des Siliziumkarbidstabes bei hohen Temperaturen und verhindert Spannungskonzentration an den Befestigungspunkten.<br \/>\n\u2022 Functional Advantages: The curved inner hole of the heating rod clamp closely fits the cold end of the silicon carbide rod, providing stable fixation without restricting the thermal expansion and contraction of the rod, ensuring long-term safe operation.<br \/>\nKernparameter (siehe Tabelle)<\/p>\n<div style=\"overflow-x: auto; width: 100%;\">\n<table style=\"width: 100%; border-collapse: collapse;\">\n<tbody>\n<tr>\n<td width=\"193\">Geeigneter Siliziumkarbid-Stabdurchmesser (mm)<\/td>\n<td width=\"193\">M-Typ-Klemmenmodell<\/td>\n<td width=\"193\">Innendurchmesser (mm)<\/td>\n<td width=\"193\">T-Typ-Klemmenmodell (mm)<\/td>\n<td width=\"193\">T-f\u00f6rmiger Innendurchmesser (mm)<\/td>\n<\/tr>\n<tr>\n<td width=\"193\">7<\/td>\n<td width=\"193\">M-07<\/td>\n<td width=\"193\">7<\/td>\n<td width=\"193\">n \/ a<\/td>\n<td width=\"193\">n \/ a<\/td>\n<\/tr>\n<tr>\n<td width=\"193\">10<\/td>\n<td width=\"193\">M-10<\/td>\n<td width=\"193\">10<\/td>\n<td width=\"193\">T-10<\/td>\n<td width=\"193\">11<\/td>\n<\/tr>\n<tr>\n<td width=\"193\">12<\/td>\n<td width=\"193\">M-12<\/td>\n<td width=\"193\">13<\/td>\n<td width=\"193\">T-12<\/td>\n<td width=\"193\">13<\/td>\n<\/tr>\n<tr>\n<td width=\"193\">16<\/td>\n<td width=\"193\">M-16<\/td>\n<td width=\"193\">16<\/td>\n<td width=\"193\">T-16<\/td>\n<td width=\"193\">16<\/td>\n<\/tr>\n<tr>\n<td width=\"193\">19<\/td>\n<td width=\"193\">M-19<\/td>\n<td width=\"193\">19<\/td>\n<td width=\"193\">T-19<\/td>\n<td width=\"193\">19<\/td>\n<\/tr>\n<tr>\n<td width=\"193\">25<\/td>\n<td width=\"193\">M-25<\/td>\n<td width=\"193\">25<\/td>\n<td width=\"193\">T-25<\/td>\n<td width=\"193\">25<\/td>\n<\/tr>\n<tr>\n<td width=\"193\">32<\/td>\n<td width=\"193\">M-32<\/td>\n<td width=\"193\">30<\/td>\n<td width=\"193\">T-32<\/td>\n<td width=\"193\">30<\/td>\n<\/tr>\n<tr>\n<td width=\"193\">35<\/td>\n<td width=\"193\">M-35<\/td>\n<td width=\"193\">35<\/td>\n<td width=\"193\">T-35<\/td>\n<td width=\"193\">35<\/td>\n<\/tr>\n<tr>\n<td width=\"193\">44<\/td>\n<td width=\"193\">M-44<\/td>\n<td width=\"193\">40<\/td>\n<td width=\"193\">T-44<\/td>\n<td width=\"193\">40<\/td>\n<\/tr>\n<tr>\n<td width=\"193\">54<\/td>\n<td width=\"193\">M-54<\/td>\n<td width=\"193\">51<\/td>\n<td width=\"193\">T-54<\/td>\n<td width=\"193\">51<\/td>\n<\/tr>\n<tr>\n<td width=\"193\">70<\/td>\n<td width=\"193\">n \/ a<\/td>\n<td width=\"193\">n \/ a<\/td>\n<td width=\"193\">T-70<\/td>\n<td width=\"193\">63<\/td>\n<\/tr>\n<\/tbody>\n<\/table>\n<p>Dies ist ein wesentliches Zubeh\u00f6r f\u00fcr die Installation von Siliziumkarbid-Heizelementen und wird in verschiedenen Industrie\u00f6fen und Laborelektro\u00f6fen weit verbreitet. Die passende Klemme sollte auf der Grundlage des Durchmessers der Siliziumkarbidstange und des verf\u00fcgbaren Bauraums ausgew\u00e4hlt werden, um den stabilen Betrieb des Heizsystems zu gew\u00e4hrleisten.<\/p>\n<\/div>\n<\/div>","protected":false},"excerpt":{"rendered":"<p>These are the mounting accessories for silicon carbide heating elements, consisting of M-type and T-type heating rod clamps. Their main function is to secure the silicon carbide heating elements to the furnace wall or support structure, ensuring stable installation and accommodating thermal expansion and contraction at high temperatures.<\/p>","protected":false},"featured_media":563,"comment_status":"open","ping_status":"closed","template":"","meta":[],"product_brand":[],"product_cat":[29],"product_tag":[],"class_list":{"0":"post-101","1":"product","2":"type-product","3":"status-publish","4":"has-post-thumbnail","6":"product_cat-accessories","8":"first","9":"instock","10":"shipping-taxable","11":"product-type-simple"},"_links":{"self":[{"href":"https:\/\/qixiangmaterial.com\/de\/wp-json\/wp\/v2\/product\/101","targetHints":{"allow":["GET"]}}],"collection":[{"href":"https:\/\/qixiangmaterial.com\/de\/wp-json\/wp\/v2\/product"}],"about":[{"href":"https:\/\/qixiangmaterial.com\/de\/wp-json\/wp\/v2\/types\/product"}],"replies":[{"embeddable":true,"href":"https:\/\/qixiangmaterial.com\/de\/wp-json\/wp\/v2\/comments?post=101"}],"wp:featuredmedia":[{"embeddable":true,"href":"https:\/\/qixiangmaterial.com\/de\/wp-json\/wp\/v2\/media\/563"}],"wp:attachment":[{"href":"https:\/\/qixiangmaterial.com\/de\/wp-json\/wp\/v2\/media?parent=101"}],"wp:term":[{"taxonomy":"product_brand","embeddable":true,"href":"https:\/\/qixiangmaterial.com\/de\/wp-json\/wp\/v2\/product_brand?post=101"},{"taxonomy":"product_cat","embeddable":true,"href":"https:\/\/qixiangmaterial.com\/de\/wp-json\/wp\/v2\/product_cat?post=101"},{"taxonomy":"product_tag","embeddable":true,"href":"https:\/\/qixiangmaterial.com\/de\/wp-json\/wp\/v2\/product_tag?post=101"}],"curies":[{"name":"WP","href":"https:\/\/api.w.org\/{rel}","templated":true}]}}