{"id":86,"date":"2026-01-28T08:25:11","date_gmt":"2026-01-28T08:25:11","guid":{"rendered":"https:\/\/qixiangmaterial.com\/?post_type=product&#038;p=86"},"modified":"2026-03-02T08:26:29","modified_gmt":"2026-03-02T08:26:29","slug":"u-shaped-silicon-carbide-rod","status":"publish","type":"product","link":"https:\/\/qixiangmaterial.com\/de\/produkt\/u-shaped-silicon-carbide-rod\/","title":{"rendered":"U-f\u00f6rmige Siliziumkarbidstange"},"content":{"rendered":"<div style=\"overflow-x: auto; width: 100%;\">\n<h2>U-f\u00f6rmige Siliziumkarbidstange<\/h2>\n<table style=\"width: 100%; border-collapse: collapse;\">\n<tbody>\n<tr style=\"height: 20.00pt;\">\n<td class=\"et2\" style=\"height: 20.00pt; width: 297.85pt;\" width=\"694\" height=\"46\">Modell: u<\/td>\n<\/tr>\n<tr style=\"height: 20.00pt;\">\n<td class=\"et2\" style=\"height: 20.00pt;\" height=\"46\">Durchmesser: OD<\/td>\n<\/tr>\n<tr style=\"height: 20.00pt;\">\n<td class=\"et2\" style=\"height: 20.00pt;\" height=\"46\">L\u00e4nge des Heizelements: HZ<\/td>\n<\/tr>\n<tr style=\"height: 20.00pt;\">\n<td class=\"et2\" style=\"height: 20.00pt;\" height=\"46\">L\u00e4nge des kalten Endes: CZ<\/td>\n<\/tr>\n<tr style=\"height: 20.00pt;\">\n<td class=\"et2\" style=\"height: 20.00pt;\" height=\"46\">Gesamtl\u00e4nge: OL<\/td>\n<\/tr>\n<tr style=\"height: 20.00pt;\">\n<td class=\"et2\" style=\"height: 20.00pt;\" height=\"46\">Abst\u00e4nde: A<\/td>\n<\/tr>\n<tr style=\"height: 20.00pt;\">\n<td class=\"et2\" style=\"height: 20.00pt;\" height=\"46\">Horizontales Ende: D<\/td>\n<\/tr>\n<tr style=\"height: 20.00pt;\">\n<td class=\"et2\" style=\"height: 20.00pt;\" height=\"46\">Maximale Betriebstemperatur: 1520 Grad Celsius<\/td>\n<\/tr>\n<\/tbody>\n<\/table>\n<p><strong>Struktur und Merkmale:<\/strong><br \/>\n\u2022 Struktur: Bei einem U-f\u00f6rmigen integrierten Doppelrohrdesign sind zwei parallele St\u00e4be durch einen bogenf\u00f6rmigen Querschnitt (D) verbunden, wobei das andere Ende das kalte Ende und der wei\u00dfe Anschluss sind. Der gesamte Stab hat einen einheitlichen Durchmesser.<br \/>\n\u2022 Material: Der Hauptk\u00f6rper besteht aus Siliziumkarbidmaterial und besitzt Eigenschaften von hoher Temperaturbest\u00e4ndigkeit, Oxidationsbest\u00e4ndigkeit und guter thermischer Stabilit\u00e4t.<br \/>\n- Temperaturleistung: Die maximale Betriebstemperatur kann bis zu 1520\u2103 betragen und erm\u00f6glicht einen langfristigen stabilen Betrieb in Umgebungen mit hohen Temperaturen.<br \/>\n<strong>Kernparameter\uff1a<\/strong><br \/>\n- L\u00e4nge der Heizzone (HZ): Die L\u00e4nge des Heizabschnitts eines einzelnen Stabs, die die Heizleistung und den Heizbereich bestimmt.<br \/>\n\u2022 Kaltende L\u00e4nge (CZ): Die L\u00e4nge der kalten Enden an beiden Enden, die f\u00fcr den Stromkreisanschluss verwendet wird, um eine \u00dcberhitzung der Klemmen zu verhindern.<br \/>\n- Gesamtl\u00e4nge (OL): Die Gesamtl\u00e4nge der Heizzone und der kalten Enden eines einzelnen Stabes.<br \/>\n\u2022 Abstand (A): Der Abstand zwischen den beiden parallelen Stangen, anpassbar an verschiedene Ofeneinbaur\u00e4ume.<br \/>\n\u2022 Querschnitt (D): Die Gr\u00f6\u00dfe des bogenf\u00f6rmigen Endes, das die beiden Stangen verbindet, und stellt die strukturelle Festigkeit und Stromleitung sicher.<br \/>\n\u2022 Durchmesser (OD): Der gleichm\u00e4\u00dfige Durchmesser der gesamten Stange, der starke Kompatibilit\u00e4t bietet.<br \/>\n<strong>Anwendbare Szenarien\uff1a<\/strong><br \/>\nEs wird in Industrie\u00f6fen, die eine gleichm\u00e4\u00dfige Erhitzung erfordern, weit verbreitet, wie Keramiksinter\u00f6fen, Glasschmelz\u00f6fen und W\u00e4rmebehandlungs\u00f6fen. Es eignet sich auch als Kernheizelement in Laborelektro\u00f6fen. Die U-f\u00f6rmige Struktur verbessert effektiv die Temperaturgleichm\u00e4\u00dfigkeit innerhalb des Ofens.<\/p>\n<\/div>","protected":false},"excerpt":{"rendered":"<p>Hierbei handelt es sich um einen U-f\u00f6rmigen Siliziumkarbidstab, ein elektrisches Hochtemperaturheizelement mit U-f\u00f6rmiger Struktur, das haupts\u00e4chlich in Hochtemperaturger\u00e4ten verwendet wird, die eine gr\u00f6\u00dfere Heizfl\u00e4che und eine gleichm\u00e4\u00dfige Erw\u00e4rmung erfordern.<\/p>","protected":false},"featured_media":571,"comment_status":"open","ping_status":"closed","template":"","meta":[],"product_brand":[],"product_cat":[28],"product_tag":[],"class_list":{"0":"post-86","1":"product","2":"type-product","3":"status-publish","4":"has-post-thumbnail","6":"product_cat-silicon-carbide-heating-elements","8":"first","9":"instock","10":"shipping-taxable","11":"product-type-simple"},"_links":{"self":[{"href":"https:\/\/qixiangmaterial.com\/de\/wp-json\/wp\/v2\/product\/86","targetHints":{"allow":["GET"]}}],"collection":[{"href":"https:\/\/qixiangmaterial.com\/de\/wp-json\/wp\/v2\/product"}],"about":[{"href":"https:\/\/qixiangmaterial.com\/de\/wp-json\/wp\/v2\/types\/product"}],"replies":[{"embeddable":true,"href":"https:\/\/qixiangmaterial.com\/de\/wp-json\/wp\/v2\/comments?post=86"}],"wp:featuredmedia":[{"embeddable":true,"href":"https:\/\/qixiangmaterial.com\/de\/wp-json\/wp\/v2\/media\/571"}],"wp:attachment":[{"href":"https:\/\/qixiangmaterial.com\/de\/wp-json\/wp\/v2\/media?parent=86"}],"wp:term":[{"taxonomy":"product_brand","embeddable":true,"href":"https:\/\/qixiangmaterial.com\/de\/wp-json\/wp\/v2\/product_brand?post=86"},{"taxonomy":"product_cat","embeddable":true,"href":"https:\/\/qixiangmaterial.com\/de\/wp-json\/wp\/v2\/product_cat?post=86"},{"taxonomy":"product_tag","embeddable":true,"href":"https:\/\/qixiangmaterial.com\/de\/wp-json\/wp\/v2\/product_tag?post=86"}],"curies":[{"name":"WP","href":"https:\/\/api.w.org\/{rel}","templated":true}]}}