{"id":89,"date":"2026-01-28T08:32:17","date_gmt":"2026-01-28T08:32:17","guid":{"rendered":"https:\/\/qixiangmaterial.com\/?post_type=product&#038;p=89"},"modified":"2026-02-28T08:12:20","modified_gmt":"2026-02-28T08:12:20","slug":"w-shaped-silicon-carbide-rod","status":"publish","type":"product","link":"https:\/\/qixiangmaterial.com\/de\/produkt\/w-shaped-silicon-carbide-rod\/","title":{"rendered":"W-f\u00f6rmige Siliziumkarbidstange"},"content":{"rendered":"<div style=\"overflow-x: auto; width: 100%;\">\n<h2>W-f\u00f6rmige Siliziumkarbidstange<\/h2>\n<table style=\"width: 100%; border-collapse: collapse;\">\n<tbody>\n<tr style=\"height: 20.00pt;\">\n<td class=\"et2\" style=\"height: 20.00pt; width: 297.85pt;\" width=\"694\" height=\"46\">Modell: W<\/td>\n<\/tr>\n<tr style=\"height: 20.00pt;\">\n<td class=\"et2\" style=\"height: 20.00pt;\" height=\"46\">Durchmesser: OD<\/td>\n<\/tr>\n<tr style=\"height: 20.00pt;\">\n<td class=\"et2\" style=\"height: 20.00pt;\" height=\"46\">L\u00e4nge des Heizelements: HZ<\/td>\n<\/tr>\n<tr style=\"height: 20.00pt;\">\n<td class=\"et2\" style=\"height: 20.00pt;\" height=\"46\">L\u00e4nge des kalten Endes: CZ<\/td>\n<\/tr>\n<tr style=\"height: 20.00pt;\">\n<td class=\"et2\" style=\"height: 20.00pt;\" height=\"46\">Gesamtl\u00e4nge: OL<\/td>\n<\/tr>\n<tr style=\"height: 20.00pt;\">\n<td class=\"et2\" style=\"height: 20.00pt;\" height=\"46\">Abst\u00e4nde: A<\/td>\n<\/tr>\n<tr style=\"height: 20.00pt;\">\n<td class=\"et2\" style=\"height: 20.00pt;\" height=\"46\">Horizontales Ende: D<\/td>\n<\/tr>\n<tr style=\"height: 20.00pt;\">\n<td class=\"et2\" style=\"height: 20.00pt;\" height=\"46\">Maximale Betriebstemperatur: 1520 Grad Celsius<\/td>\n<\/tr>\n<\/tbody>\n<\/table>\n<p><strong>Struktur\uff1a<\/strong><\/p>\n<p>- Aufbau: Bei der integrierten Drei-Rohr-Konstruktion sind drei parallele St\u00e4be durch ein quer verlaufendes Ende (D) verbunden, wobei das andere Ende das kalte Ende und der wei\u00dfe Anschluss ist. Die gesamte Stange hat einen einheitlichen Durchmesser.<br \/>\n- Material: Der Hauptk\u00f6rper besteht aus Siliziumkarbid, das sich durch hohe Temperaturbest\u00e4ndigkeit, Oxidationsbest\u00e4ndigkeit und gute thermische Stabilit\u00e4t auszeichnet.<br \/>\n- Temperaturleistung: Die maximale Betriebstemperatur kann bis zu 1520\u2103 betragen und erm\u00f6glicht einen langfristigen stabilen Betrieb in Umgebungen mit hohen Temperaturen.<\/p>\n<p><strong>Kernparameter\uff1a<\/strong><\/p>\n<p>- L\u00e4nge der Heizzone (HZ): Die L\u00e4nge des Heizabschnitts eines einzelnen Stabs, die die Heizleistung und den Heizbereich bestimmt.<br \/>\n- L\u00e4nge des kalten Endes (CZ): Die L\u00e4nge der kalten Abschnitte an beiden Enden, die f\u00fcr den Stromkreisanschluss verwendet wird, um eine \u00dcberhitzung der Klemmen zu verhindern.<br \/>\n- Gesamtl\u00e4nge (OL): Die Gesamtl\u00e4nge der Heizzone und der kalten Enden eines einzelnen Stabes.<br \/>\n- Abstand (A): Der Abstand zwischen benachbarten St\u00e4ben, der an unterschiedliche Einbaur\u00e4ume des Ofens angepasst werden kann.<br \/>\n- Querende (D): Die Abmessungen des Endes, das die drei St\u00e4be verbindet und die strukturelle Festigkeit und Stromleitung gew\u00e4hrleistet.<br \/>\n- Durchmesser (OD): Der einheitliche Durchmesser der gesamten Stange, der eine starke Kompatibilit\u00e4t gew\u00e4hrleistet.<\/p>\n<p><strong>Anwendbare Szenarien\uff1a<\/strong><\/p>\n<p>Er wird haupts\u00e4chlich in gro\u00dfen Industrie\u00f6fen eingesetzt, die eine hohe Heizleistung und eine hohe Temperaturgleichm\u00e4\u00dfigkeit erfordern, z. B. in Keramikrollen\u00f6fen, Glasschmelz\u00f6fen und gro\u00dfen W\u00e4rmebehandlungs\u00f6fen. Die Drei-Rohr-Konstruktion verbessert die Heizeffizienz und die Temperaturgleichm\u00e4\u00dfigkeit innerhalb des Ofens erheblich.<\/p>\n<\/div>","protected":false},"excerpt":{"rendered":"<p>This is a W shaped silicon carbide rod, a high-temperature electric heating element with three parallel tubes, which provides greater heating power and a more uniform heating effect.<\/p>","protected":false},"featured_media":572,"comment_status":"open","ping_status":"closed","template":"","meta":[],"product_brand":[],"product_cat":[28],"product_tag":[],"class_list":{"0":"post-89","1":"product","2":"type-product","3":"status-publish","4":"has-post-thumbnail","6":"product_cat-silicon-carbide-heating-elements","8":"first","9":"instock","10":"shipping-taxable","11":"product-type-simple"},"_links":{"self":[{"href":"https:\/\/qixiangmaterial.com\/de\/wp-json\/wp\/v2\/product\/89","targetHints":{"allow":["GET"]}}],"collection":[{"href":"https:\/\/qixiangmaterial.com\/de\/wp-json\/wp\/v2\/product"}],"about":[{"href":"https:\/\/qixiangmaterial.com\/de\/wp-json\/wp\/v2\/types\/product"}],"replies":[{"embeddable":true,"href":"https:\/\/qixiangmaterial.com\/de\/wp-json\/wp\/v2\/comments?post=89"}],"wp:featuredmedia":[{"embeddable":true,"href":"https:\/\/qixiangmaterial.com\/de\/wp-json\/wp\/v2\/media\/572"}],"wp:attachment":[{"href":"https:\/\/qixiangmaterial.com\/de\/wp-json\/wp\/v2\/media?parent=89"}],"wp:term":[{"taxonomy":"product_brand","embeddable":true,"href":"https:\/\/qixiangmaterial.com\/de\/wp-json\/wp\/v2\/product_brand?post=89"},{"taxonomy":"product_cat","embeddable":true,"href":"https:\/\/qixiangmaterial.com\/de\/wp-json\/wp\/v2\/product_cat?post=89"},{"taxonomy":"product_tag","embeddable":true,"href":"https:\/\/qixiangmaterial.com\/de\/wp-json\/wp\/v2\/product_tag?post=89"}],"curies":[{"name":"WP","href":"https:\/\/api.w.org\/{rel}","templated":true}]}}