{"id":92,"date":"2026-01-28T08:41:24","date_gmt":"2026-01-28T08:41:24","guid":{"rendered":"https:\/\/qixiangmaterial.com\/?post_type=product&#038;p=92"},"modified":"2026-02-28T07:26:49","modified_gmt":"2026-02-28T07:26:49","slug":"v-shaped-silicon-carbide-heating-rod","status":"publish","type":"product","link":"https:\/\/qixiangmaterial.com\/de\/produkt\/v-shaped-silicon-carbide-heating-rod\/","title":{"rendered":"V-f\u00f6rmiger Siliziumkarbid-Heizstab"},"content":{"rendered":"<div style=\"overflow-x: auto; width: 100%;\">\n<h2>V Shaped Silicon Carbide Heating\u00a0Rod<\/h2>\n<table style=\"width: 100%; border-collapse: collapse;\">\n<tbody>\n<tr style=\"height: 20.00pt;\">\n<td class=\"et2\" style=\"height: 20.00pt; width: 297.85pt;\" width=\"694\" height=\"46\">Modell: W<\/td>\n<\/tr>\n<tr style=\"height: 20.00pt;\">\n<td class=\"et2\" style=\"height: 20.00pt;\" height=\"46\">Durchmesser: OD<\/td>\n<\/tr>\n<tr style=\"height: 20.00pt;\">\n<td class=\"et2\" style=\"height: 20.00pt;\" height=\"46\">Heating rod length: HZ<\/td>\n<\/tr>\n<tr style=\"height: 20.00pt;\">\n<td class=\"et2\" style=\"height: 20.00pt;\" height=\"46\">L\u00e4nge des kalten Endes: CZ<\/td>\n<\/tr>\n<tr style=\"height: 20.00pt;\">\n<td class=\"et2\" style=\"height: 20.00pt;\" height=\"46\">Gesamtl\u00e4nge: OL<\/td>\n<\/tr>\n<tr style=\"height: 20.00pt;\">\n<td class=\"et2\" style=\"height: 20.00pt;\" height=\"46\">Abst\u00e4nde: A<\/td>\n<\/tr>\n<tr style=\"height: 20.00pt;\">\n<td class=\"et2\" style=\"height: 20.00pt;\" height=\"46\">Horizontales Ende: D<\/td>\n<\/tr>\n<tr style=\"height: 20.00pt;\">\n<td class=\"et2\" style=\"height: 20.00pt;\" height=\"46\">Maximale Betriebstemperatur: 1520 Grad Celsius<\/td>\n<\/tr>\n<\/tbody>\n<\/table>\n<p><strong>Struktur und Merkmale:<\/strong><br \/>\n\u2022 Struktur: Mit einem quadratischen Rahmen, der aus zwei vertikalen Heizabschnitten und einem horizontalen Heizabschnitt besteht, die eine geschlossene \u201cV\u201d -Form (oder ein quadratisches) Gebilde bilden. Der Boden ist das kalte Ende mit wei\u00dfen Anschl\u00fcssen, und die gesamte Stange hat einen gleichm\u00e4\u00dfigen Durchmesser.<br \/>\n\u2022 Material: Der Hauptk\u00f6rper besteht aus Siliziumkarbidmaterial und besitzt Eigenschaften von hoher Temperaturbest\u00e4ndigkeit, Oxidationsbest\u00e4ndigkeit und guter thermischer Stabilit\u00e4t.<br \/>\n- Temperaturleistung: Die maximale Betriebstemperatur kann bis zu 1520\u2103 betragen und erm\u00f6glicht einen langfristigen stabilen Betrieb in Umgebungen mit hohen Temperaturen.<br \/>\n<strong>Kernparameter\uff1a<\/strong><br \/>\n\u2022 Heizzonenl\u00e4nge (Hz): Die Heizl\u00e4nge der vertikalen und horizontalen Abschnitte, die die Heizleistung und den Heizbereich bestimmt.<br \/>\n\u2022 Kaltende L\u00e4nge (CZ): Die L\u00e4nge des unteren Kaltteils, der f\u00fcr den Stromkreisanschluss verwendet wird, um eine \u00dcberhitzung der Klemmen zu verhindern.<br \/>\n\u2022 Gesamtl\u00e4nge (OL): L\u00e4nge des horizontalen Heizabschnitts, angepasst an die Breite des Ofens.<br \/>\n\u2022 Abstand (A): Der Abstand zwischen den beiden vertikalen Heizabschnitten, angepasst an die Tiefe des Ofenraums.<br \/>\n\u2022 Querende (D): Die bogenf\u00f6rmige \u00dcbergangsgr\u00f6\u00dfe an den Ecken, die strukturelle Festigkeit und Stromleitung sicherstellt.<br \/>\n\u2022 Durchmesser (OD): Der gleichm\u00e4\u00dfige Durchmesser der gesamten Stange, die eine starke Anpassungsf\u00e4higkeit gew\u00e4hrleistet.<br \/>\n<strong>Anwendbare Szenarien\uff1a<\/strong><br \/>\nEs wird haupts\u00e4chlich in Hochtemperaturger\u00e4ten verwendet, die eine Umgebungsheizung erfordern oder an quadratische Ofenkammern angepasst sind, wie z. B. quadratische Laborelektro\u00f6fen, spezielle Keramiksinter\u00f6fen, W\u00e4rmebehandlungs\u00f6fen f\u00fcr elektronische Komponenten usw., die die Temperaturgleichm\u00e4\u00dfigkeit innerhalb des Ofens effektiv verbessern.<\/p>\n<\/div>","protected":false},"excerpt":{"rendered":"<p>This is a V shaped silicon carbide heating rod, a special type of high-temperature electric heating rod, suitable for use in equipment requiring wrap-around heating or specific furnace chamber shapes.<\/p>","protected":false},"featured_media":558,"comment_status":"open","ping_status":"closed","template":"","meta":[],"product_brand":[],"product_cat":[29],"product_tag":[],"class_list":{"0":"post-92","1":"product","2":"type-product","3":"status-publish","4":"has-post-thumbnail","6":"product_cat-accessories","8":"first","9":"instock","10":"shipping-taxable","11":"product-type-simple"},"_links":{"self":[{"href":"https:\/\/qixiangmaterial.com\/de\/wp-json\/wp\/v2\/product\/92","targetHints":{"allow":["GET"]}}],"collection":[{"href":"https:\/\/qixiangmaterial.com\/de\/wp-json\/wp\/v2\/product"}],"about":[{"href":"https:\/\/qixiangmaterial.com\/de\/wp-json\/wp\/v2\/types\/product"}],"replies":[{"embeddable":true,"href":"https:\/\/qixiangmaterial.com\/de\/wp-json\/wp\/v2\/comments?post=92"}],"wp:featuredmedia":[{"embeddable":true,"href":"https:\/\/qixiangmaterial.com\/de\/wp-json\/wp\/v2\/media\/558"}],"wp:attachment":[{"href":"https:\/\/qixiangmaterial.com\/de\/wp-json\/wp\/v2\/media?parent=92"}],"wp:term":[{"taxonomy":"product_brand","embeddable":true,"href":"https:\/\/qixiangmaterial.com\/de\/wp-json\/wp\/v2\/product_brand?post=92"},{"taxonomy":"product_cat","embeddable":true,"href":"https:\/\/qixiangmaterial.com\/de\/wp-json\/wp\/v2\/product_cat?post=92"},{"taxonomy":"product_tag","embeddable":true,"href":"https:\/\/qixiangmaterial.com\/de\/wp-json\/wp\/v2\/product_tag?post=92"}],"curies":[{"name":"WP","href":"https:\/\/api.w.org\/{rel}","templated":true}]}}