{"id":95,"date":"2026-01-28T09:26:07","date_gmt":"2026-01-28T09:26:07","guid":{"rendered":"https:\/\/qixiangmaterial.com\/?post_type=product&#038;p=95"},"modified":"2026-02-28T07:18:46","modified_gmt":"2026-02-28T07:18:46","slug":"aluminum-conductive-strips","status":"publish","type":"product","link":"https:\/\/qixiangmaterial.com\/de\/produkt\/aluminum-conductive-strips\/","title":{"rendered":"Aluminium-Leitstreifen"},"content":{"rendered":"<h2>Aluminium-Leitstreifen<\/h2>\n<div style=\"overflow-x: auto; width: 100%;\"><strong>Parameter f\u00fcr leitende Aluminiumstreifen:<\/strong><\/div>\n<div><\/div>\n<div style=\"overflow-x: auto; width: 100%;\">\n<table style=\"width: 100%; border-collapse: collapse;\">\n<tbody>\n<tr>\n<td width=\"1221\">Siliziumkarbid-Durchmesser (mm)<\/td>\n<td width=\"1114\">Bemessungsstrom (A)<\/td>\n<td width=\"880\">Breite (mm)<\/td>\n<td width=\"872\">\u00d6ffnung (mm)<\/td>\n<\/tr>\n<tr>\n<td width=\"1221\">13<\/td>\n<td width=\"1114\">25<\/td>\n<td width=\"880\">13<\/td>\n<td width=\"872\">7<\/td>\n<\/tr>\n<tr>\n<td width=\"1221\">1619<\/td>\n<td width=\"1114\">50<\/td>\n<td width=\"880\">17<\/td>\n<td width=\"872\">10<\/td>\n<\/tr>\n<tr>\n<td width=\"1221\">2532<\/td>\n<td width=\"1114\">100<\/td>\n<td width=\"880\">33<\/td>\n<td width=\"872\">14<\/td>\n<\/tr>\n<tr>\n<td width=\"1221\">35484454<\/td>\n<td width=\"1114\">200<\/td>\n<td width=\"880\">33<\/td>\n<td width=\"872\">14<\/td>\n<\/tr>\n<tr>\n<td width=\"1221\">70<\/td>\n<td width=\"1114\">400<\/td>\n<td width=\"880\">35<\/td>\n<td width=\"872\">18<\/td>\n<\/tr>\n<\/tbody>\n<\/table>\n<p>Produktmerkmale<br \/>\n\u2022 Material und Struktur: Der Hauptk\u00f6rper besteht aus reinem Aluminium oder Aluminiumlegierung, erh\u00e4ltlich in zwei Strukturen: flacher Aluminiumfolienstreifen und geflochtener Aluminiumstreifen. Die geflochtene Struktur bietet eine bessere Flexibilit\u00e4t und Best\u00e4ndigkeit gegen W\u00e4rmeausdehnung und Kontraktion und polstert die Verformung von Siliziumkarbidstangen bei hohen Temperaturen.<br \/>\n\u2022 Funktion: Durch das feste Wickeln des kalten Endes des Siliziumkarbidstabes wird eine zuverl\u00e4ssige Leitung von niedrigem Widerstand und hohem Strom erzielt und gleichzeitig W\u00e4rme an den Kontaktstellen verteilt, um eine \u00f6rtliche \u00dcberhitzung und ein Ausbrennen zu verhindern.<br \/>\n\u2022 Anpassungsf\u00e4higkeit: Erh\u00e4ltlich in verschiedenen Spezifikationen, um unterschiedliche Durchmesser von Siliziumkarbidstangen zu finden, was eine sichere Verbindung und Leitf\u00e4higkeit gew\u00e4hrleistet.<br \/>\nKernparameter (siehe Tabelle)<\/p>\n<div style=\"overflow-x: auto; width: 100%;\">\n<table style=\"width: 100%; border-collapse: collapse;\">\n<tbody>\n<tr>\n<td width=\"323\">Geeigneter Siliziumkarbid-Stabdurchmesser (mm)<\/td>\n<td width=\"181\">Bemessungsstrom (A)<\/td>\n<td width=\"222\">Aluminiumbandbreite (mm)<\/td>\n<td width=\"257\">Durchmesser der Befestigungsbohrung (mm)<\/td>\n<\/tr>\n<tr>\n<td width=\"323\">13<\/td>\n<td width=\"181\">25<\/td>\n<td width=\"222\">13<\/td>\n<td width=\"257\">7<\/td>\n<\/tr>\n<tr>\n<td width=\"323\">16 \u3001 19<\/td>\n<td width=\"181\">50<\/td>\n<td width=\"222\">17<\/td>\n<td width=\"257\">10<\/td>\n<\/tr>\n<tr>\n<td width=\"323\">25 \u3001 32<\/td>\n<td width=\"181\">100<\/td>\n<td width=\"222\">33<\/td>\n<td width=\"257\">14<\/td>\n<\/tr>\n<tr>\n<td width=\"323\">35\u300148\u300144\u300154<\/td>\n<td width=\"181\">200<\/td>\n<td width=\"222\">33<\/td>\n<td width=\"257\">14<\/td>\n<\/tr>\n<tr>\n<td width=\"323\">70<\/td>\n<td width=\"181\">400<\/td>\n<td width=\"222\">35<\/td>\n<td width=\"257\">18<\/td>\n<\/tr>\n<\/tbody>\n<\/table>\n<p>Es ist ein wesentliches Zubeh\u00f6r f\u00fcr Siliziumkarbid-Heizsysteme und wird h\u00e4ufig in den Schaltkreisanschl\u00fcssen verschiedener Industrie\u00f6fen und Laborelektro\u00f6fen eingesetzt, wodurch die Sicherheit und Stabilit\u00e4t des Heizsystems verbessert werden.<\/p>\n<\/div>\n<\/div>","protected":false},"excerpt":{"rendered":"<p>Dies sind die Verbindungszubeh\u00f6r f\u00fcr Siliziumkarbid-Heizelemente, haupts\u00e4chlich Aluminium-Leitstreifen (auch Aluminium-Geflecht- oder Aluminiumfolienstreifen genannt), die zur leitenden Verbindung zwischen dem kalten Ende des Siliziumkarbid-Heizelements und dem Stromversorgungskreis verwendet werden.<\/p>","protected":false},"featured_media":561,"comment_status":"open","ping_status":"closed","template":"","meta":[],"product_brand":[],"product_cat":[29],"product_tag":[],"class_list":{"0":"post-95","1":"product","2":"type-product","3":"status-publish","4":"has-post-thumbnail","6":"product_cat-accessories","8":"first","9":"instock","10":"shipping-taxable","11":"product-type-simple"},"_links":{"self":[{"href":"https:\/\/qixiangmaterial.com\/de\/wp-json\/wp\/v2\/product\/95","targetHints":{"allow":["GET"]}}],"collection":[{"href":"https:\/\/qixiangmaterial.com\/de\/wp-json\/wp\/v2\/product"}],"about":[{"href":"https:\/\/qixiangmaterial.com\/de\/wp-json\/wp\/v2\/types\/product"}],"replies":[{"embeddable":true,"href":"https:\/\/qixiangmaterial.com\/de\/wp-json\/wp\/v2\/comments?post=95"}],"wp:featuredmedia":[{"embeddable":true,"href":"https:\/\/qixiangmaterial.com\/de\/wp-json\/wp\/v2\/media\/561"}],"wp:attachment":[{"href":"https:\/\/qixiangmaterial.com\/de\/wp-json\/wp\/v2\/media?parent=95"}],"wp:term":[{"taxonomy":"product_brand","embeddable":true,"href":"https:\/\/qixiangmaterial.com\/de\/wp-json\/wp\/v2\/product_brand?post=95"},{"taxonomy":"product_cat","embeddable":true,"href":"https:\/\/qixiangmaterial.com\/de\/wp-json\/wp\/v2\/product_cat?post=95"},{"taxonomy":"product_tag","embeddable":true,"href":"https:\/\/qixiangmaterial.com\/de\/wp-json\/wp\/v2\/product_tag?post=95"}],"curies":[{"name":"WP","href":"https:\/\/api.w.org\/{rel}","templated":true}]}}