{"id":727,"date":"2026-02-03T10:52:56","date_gmt":"2026-02-03T10:52:56","guid":{"rendered":"https:\/\/qixiangmaterial.com\/?page_id=727"},"modified":"2026-02-28T00:59:28","modified_gmt":"2026-02-28T00:59:28","slug":"shipping-policy","status":"publish","type":"page","link":"https:\/\/qixiangmaterial.com\/es\/shipping-policy\/","title":{"rendered":"Pol\u00edtica de env\u00edos"},"content":{"rendered":"<div data-elementor-type=\"wp-page\" data-elementor-id=\"727\" class=\"elementor elementor-727\" data-elementor-post-type=\"page\">\n\t\t\t\t<div class=\"elementor-element elementor-element-464bf8a e-flex e-con-boxed e-con e-parent\" data-id=\"464bf8a\" data-element_type=\"container\" data-e-type=\"container\" data-settings=\"{&quot;background_background&quot;:&quot;classic&quot;}\">\n\t\t\t\t\t<div class=\"e-con-inner\">\n\t\t\t\t<div class=\"elementor-element elementor-element-3abc1f9 elementor-widget elementor-widget-heading\" data-id=\"3abc1f9\" data-element_type=\"widget\" data-e-type=\"widget\" data-widget_type=\"heading.default\">\n\t\t\t\t\t<h2 class=\"elementor-heading-title elementor-size-default\">Pol\u00edtica de privacidad<\/h2>\t\t\t\t<\/div>\n\t\t\t\t<div class=\"elementor-element elementor-element-6d06571 elementor-icon-list--layout-inline elementor-align-center elementor-list-item-link-full_width elementor-widget elementor-widget-icon-list\" data-id=\"6d06571\" data-element_type=\"widget\" data-e-type=\"widget\" data-widget_type=\"icon-list.default\">\n\t\t\t\t\t\t\t<ul class=\"elementor-icon-list-items elementor-inline-items\">\n\t\t\t\t\t\t\t<li class=\"elementor-icon-list-item elementor-inline-item\">\n\t\t\t\t\t\t\t\t\t\t\t<a href=\"https:\/\/qixiangmaterial.com\/es\/\">\n\n\t\t\t\t\t\t\t\t\t\t\t\t<span class=\"elementor-icon-list-icon\">\n\t\t\t\t\t\t\t<svg aria-hidden=\"true\" class=\"e-font-icon-svg e-fas-home\" viewbox=\"0 0 576 512\" xmlns=\"http:\/\/www.w3.org\/2000\/svg\"><path d=\"M280.37 148.26L96 300.11V464a16 16 0 0 0 16 16l112.06-.29a16 16 0 0 0 15.92-16V368a16 16 0 0 1 16-16h64a16 16 0 0 1 16 16v95.64a16 16 0 0 0 16 16.05L464 480a16 16 0 0 0 16-16V300L295.67 148.26a12.19 12.19 0 0 0-15.3 0zM571.6 251.47L488 182.56V44.05a12 12 0 0 0-12-12h-56a12 12 0 0 0-12 12v72.61L318.47 43a48 48 0 0 0-61 0L4.34 251.47a12 12 0 0 0-1.6 16.9l25.5 31A12 12 0 0 0 45.15 301l235.22-193.74a12.19 12.19 0 0 1 15.3 0L530.9 301a12 12 0 0 0 16.9-1.6l25.5-31a12 12 0 0 0-1.7-16.93z\"><\/path><\/svg>\t\t\t\t\t\t<\/span>\n\t\t\t\t\t\t\t\t\t\t<span class=\"elementor-icon-list-text\">Inicio<\/span>\n\t\t\t\t\t\t\t\t\t\t\t<\/a>\n\t\t\t\t\t\t\t\t\t<\/li>\n\t\t\t\t\t\t\t\t<li class=\"elementor-icon-list-item elementor-inline-item\">\n\t\t\t\t\t\t\t\t\t\t\t<span class=\"elementor-icon-list-icon\">\n\t\t\t\t\t\t\t<svg aria-hidden=\"true\" class=\"e-font-icon-svg e-fas-angle-right\" viewbox=\"0 0 256 512\" xmlns=\"http:\/\/www.w3.org\/2000\/svg\"><path d=\"M224.3 273l-136 136c-9.4 9.4-24.6 9.4-33.9 0l-22.6-22.6c-9.4-9.4-9.4-24.6 0-33.9l96.4-96.4-96.4-96.4c-9.4-9.4-9.4-24.6 0-33.9L54.3 103c9.4-9.4 24.6-9.4 33.9 0l136 136c9.5 9.4 9.5 24.6.1 34z\"><\/path><\/svg>\t\t\t\t\t\t<\/span>\n\t\t\t\t\t\t\t\t\t\t<span class=\"elementor-icon-list-text\">Pol\u00edtica de privacidad<\/span>\n\t\t\t\t\t\t\t\t\t<\/li>\n\t\t\t\t\t\t<\/ul>\n\t\t\t\t\t\t<\/div>\n\t\t\t\t\t<\/div>\n\t\t\t\t<\/div>\n\t\t<div class=\"elementor-element elementor-element-5007044 e-flex e-con-boxed e-con e-parent\" data-id=\"5007044\" data-element_type=\"container\" data-e-type=\"container\">\n\t\t\t\t\t<div class=\"e-con-inner\">\n\t\t\t\t<div class=\"elementor-element elementor-element-f5e043c elementor-widget elementor-widget-text-editor\" data-id=\"f5e043c\" data-element_type=\"widget\" data-e-type=\"widget\" data-widget_type=\"text-editor.default\">\n\t\t\t\t\t\t\t\t\t<p>por <strong><b>Henan Qixiang nuevos materiales. <\/b><\/strong>Nos esforzamos por proporcionar una entrega oportuna y eficiente de nuestros productos a nuestros clientes.<\/p><div class=\"elementor-element elementor-element-c97a697 elementor-widget elementor-widget-heading\" data-id=\"c97a697\" data-element_type=\"widget\" data-widget_type=\"heading.default\"><p>Enviamos nuestros productos a clientes tanto a nivel nacional como internacional.<\/p><\/div><div class=\"elementor-element elementor-element-331976b elementor-widget elementor-widget-text-editor\" data-id=\"331976b\" data-element_type=\"widget\" data-widget_type=\"text-editor.default\"><h5>Env\u00edos dom\u00e9sticos:<\/h5><p>Enviamos nuestros productos dentro de China continental a trav\u00e9s de varios transportistas, dependiendo del producto y la ubicaci\u00f3n del cliente.<\/p><p>Las tarifas de env\u00edo nacionales pueden variar seg\u00fan el peso y el tama\u00f1o del producto, as\u00ed como el destino de env\u00edo.<\/p><p>El tiempo de entrega estimado para env\u00edos nacionales suele ser de 3 a 7 d\u00edas h\u00e1biles, dependiendo del transportista y el destino de env\u00edo.<\/p><h5>Env\u00edo internacional:<\/h5><p>Enviamos nuestros productos a clientes internacionales a trav\u00e9s de varios transportistas, dependiendo del producto y la ubicaci\u00f3n del cliente.<\/p><p>Las tarifas de env\u00edo internacional pueden variar seg\u00fan el peso y el tama\u00f1o del producto, as\u00ed como el destino de env\u00edo.<\/p><p>El tiempo de entrega estimado para env\u00edos internacionales var\u00eda seg\u00fan el transportista y el destino de env\u00edo. Los tiempos de entrega pueden verse afectados por la aduana y otros factores fuera de nuestro control.<\/p><p>Tenga en cuenta que no somos responsables de los derechos de aduana, impuestos o tarifas que pueda imponer el pa\u00eds de destino. El cliente es responsable de tales tarifas.<\/p><p>Si tiene alguna pregunta o inquietud sobre el env\u00edo, no dude en contactarnos en<span style=\"color: #ff0000;\"><span style=\"color: #993300;\"><a style=\"color: #993300;\" href=\"mailto:admin@qixiangmaterial.com\"> admin@qixiangmaterial.com<\/a><\/span><\/span><\/p><\/div>\t\t\t\t\t\t\t\t<\/div>\n\t\t\t\t\t<\/div>\n\t\t\t\t<\/div>\n\t\t\t\t<\/div>","protected":false},"excerpt":{"rendered":"<p>Privacy Policy Home Privacy Policy At Henan Qixiang New Materials. we strive to provide timely and efficient delivery of our products to our customers. We ship our products to customers both domestically and internationally. Domestic Shipping: We ship our products within mainland China via various shipping carriers, depending on the product and the location of [&hellip;]<\/p>","protected":false},"author":1,"featured_media":0,"parent":0,"menu_order":0,"comment_status":"closed","ping_status":"closed","template":"","meta":{"footnotes":""},"class_list":["post-727","page","type-page","status-publish","hentry"],"_links":{"self":[{"href":"https:\/\/qixiangmaterial.com\/es\/wp-json\/wp\/v2\/pages\/727","targetHints":{"allow":["GET"]}}],"collection":[{"href":"https:\/\/qixiangmaterial.com\/es\/wp-json\/wp\/v2\/pages"}],"about":[{"href":"https:\/\/qixiangmaterial.com\/es\/wp-json\/wp\/v2\/types\/page"}],"author":[{"embeddable":true,"href":"https:\/\/qixiangmaterial.com\/es\/wp-json\/wp\/v2\/users\/1"}],"replies":[{"embeddable":true,"href":"https:\/\/qixiangmaterial.com\/es\/wp-json\/wp\/v2\/comments?post=727"}],"version-history":[{"count":10,"href":"https:\/\/qixiangmaterial.com\/es\/wp-json\/wp\/v2\/pages\/727\/revisions"}],"predecessor-version":[{"id":962,"href":"https:\/\/qixiangmaterial.com\/es\/wp-json\/wp\/v2\/pages\/727\/revisions\/962"}],"wp:attachment":[{"href":"https:\/\/qixiangmaterial.com\/es\/wp-json\/wp\/v2\/media?parent=727"}],"curies":[{"name":"pp","href":"https:\/\/api.w.org\/{rel}","templated":true}]}}