{"id":101,"date":"2026-01-28T10:12:10","date_gmt":"2026-01-28T10:12:10","guid":{"rendered":"https:\/\/qixiangmaterial.com\/?post_type=product&#038;p=101"},"modified":"2026-02-28T06:54:53","modified_gmt":"2026-02-28T06:54:53","slug":"heating-rod-clamp","status":"publish","type":"product","link":"https:\/\/qixiangmaterial.com\/es\/producto\/heating-rod-clamp\/","title":{"rendered":"Abrazadera de la barra de"},"content":{"rendered":"<div style=\"overflow-x: auto; width: 100%;\">\n<h2>Abrazadera de la barra de<\/h2>\n<table style=\"width: 100%; border-collapse: collapse;\">\n<tbody>\n<tr>\n<td rowspan=\"2\" width=\"741\">Di\u00e1metro de la varilla de carburo de silicio (mm)<\/td>\n<td colspan=\"4\" width=\"1776\">M-shaped heating rod clamp<\/td>\n<td colspan=\"3\" width=\"1329\">T-shaped heating rod clamp<\/td>\n<\/tr>\n<tr>\n<td width=\"444\">modelo<\/td>\n<td width=\"443\">di\u00e1metro interior<\/td>\n<td width=\"444\">pa\u00f1o<\/td>\n<td width=\"444\">espaciado<\/td>\n<td width=\"444\">modelo<\/td>\n<td width=\"443\">di\u00e1metro interior<\/td>\n<td width=\"441\">pa\u00f1o<\/td>\n<\/tr>\n<tr>\n<td width=\"741\">7<\/td>\n<td width=\"444\">M-07<\/td>\n<td width=\"443\">7<\/td>\n<td width=\"444\">13<\/td>\n<td width=\"444\">32<\/td>\n<td width=\"444\">no est\u00e1<\/td>\n<td width=\"443\"><\/td>\n<td width=\"441\">13<\/td>\n<\/tr>\n<tr>\n<td width=\"741\">10<\/td>\n<td width=\"444\">m-10<\/td>\n<td width=\"443\">10<\/td>\n<td width=\"444\">13<\/td>\n<td width=\"444\">34<\/td>\n<td width=\"444\">T-10<\/td>\n<td width=\"443\">11<\/td>\n<td width=\"441\">13<\/td>\n<\/tr>\n<tr>\n<td width=\"741\">12<\/td>\n<td width=\"444\">M-12<\/td>\n<td width=\"443\">13<\/td>\n<td width=\"444\">13<\/td>\n<td width=\"444\">37<\/td>\n<td width=\"444\">T-12<\/td>\n<td width=\"443\">13<\/td>\n<td width=\"441\">13<\/td>\n<\/tr>\n<tr>\n<td width=\"741\">14<\/td>\n<td width=\"444\">M-14<\/td>\n<td width=\"443\">13<\/td>\n<td width=\"444\">13<\/td>\n<td width=\"444\">37<\/td>\n<td width=\"444\">T-14<\/td>\n<td width=\"443\">13<\/td>\n<td width=\"441\">13<\/td>\n<\/tr>\n<tr>\n<td width=\"741\">16<\/td>\n<td width=\"444\">16<\/td>\n<td width=\"443\">16<\/td>\n<td width=\"444\">13<\/td>\n<td width=\"444\">56<\/td>\n<td width=\"444\">T-16<\/td>\n<td width=\"443\">16<\/td>\n<td width=\"441\">13<\/td>\n<\/tr>\n<tr>\n<td width=\"741\">19<\/td>\n<td width=\"444\">19<\/td>\n<td width=\"443\">19<\/td>\n<td width=\"444\">19<\/td>\n<td width=\"444\">28<\/td>\n<td width=\"444\">T-19<\/td>\n<td width=\"443\">19<\/td>\n<td width=\"441\">19<\/td>\n<\/tr>\n<tr>\n<td width=\"741\">25<\/td>\n<td width=\"444\">25<\/td>\n<td width=\"443\">25<\/td>\n<td width=\"444\">25<\/td>\n<td width=\"444\">77<\/td>\n<td width=\"444\">T-25<\/td>\n<td width=\"443\">25<\/td>\n<td width=\"441\">25<\/td>\n<\/tr>\n<tr>\n<td width=\"741\">32<\/td>\n<td width=\"444\">M-32<\/td>\n<td width=\"443\">30<\/td>\n<td width=\"444\">32<\/td>\n<td width=\"444\">81<\/td>\n<td width=\"444\">T-32<\/td>\n<td width=\"443\">30<\/td>\n<td width=\"441\">32<\/td>\n<\/tr>\n<tr>\n<td width=\"741\">35<\/td>\n<td width=\"444\">35<\/td>\n<td width=\"443\">35<\/td>\n<td width=\"444\">32<\/td>\n<td width=\"444\">97<\/td>\n<td width=\"444\">T-35<\/td>\n<td width=\"443\">35<\/td>\n<td width=\"441\">32<\/td>\n<\/tr>\n<tr>\n<td width=\"741\">38<\/td>\n<td width=\"444\">38 M-38<\/td>\n<td width=\"443\">35<\/td>\n<td width=\"444\">32<\/td>\n<td width=\"444\">97<\/td>\n<td width=\"444\">T-38<\/td>\n<td width=\"443\">35<\/td>\n<td width=\"441\">32<\/td>\n<\/tr>\n<tr>\n<td width=\"741\">44<\/td>\n<td width=\"444\">M-44<\/td>\n<td width=\"443\">40<\/td>\n<td width=\"444\">38<\/td>\n<td width=\"444\">118<\/td>\n<td width=\"444\">T-44<\/td>\n<td width=\"443\">40<\/td>\n<td width=\"441\">38<\/td>\n<\/tr>\n<tr>\n<td width=\"741\">54<\/td>\n<td width=\"444\">M-54<\/td>\n<td width=\"443\">51<\/td>\n<td width=\"444\">38<\/td>\n<td width=\"444\">114<\/td>\n<td width=\"444\">T-54<\/td>\n<td width=\"443\">51<\/td>\n<td width=\"441\">38<\/td>\n<\/tr>\n<tr>\n<td width=\"741\">70<\/td>\n<td width=\"444\">no est\u00e1<\/td>\n<td width=\"443\">no est\u00e1<\/td>\n<td width=\"444\">no est\u00e1<\/td>\n<td width=\"444\">no est\u00e1<\/td>\n<td width=\"444\">T-70<\/td>\n<td width=\"443\">63<\/td>\n<td width=\"441\">38<\/td>\n<\/tr>\n<\/tbody>\n<\/table>\n<h3><strong>Caracter\u00edsticas del producto<\/strong><\/h3>\n<p>\u2022 Dise\u00f1o estructural<br \/>\n\u25e6 Abrazadera tipo M: Esta es una estructura de doble abrazadera con orejas de montaje, conectada al soporte del cuerpo del horno a trav\u00e9s de orificios de montaje en ambos lados, proporcionando un soporte y estabilidad m\u00e1s fuertes, adecuada para varillas de carburo de silicio de gran di\u00e1metro o de gran di\u00e1metro.<br \/>\n\u25e6 Abrazadera tipo T: Esta es una estructura de abrazadera simple con un m\u00e9todo de instalaci\u00f3n m\u00e1s simple, adecuada para la fijaci\u00f3n r\u00e1pida de varillas de carburo de silicio de di\u00e1metro peque\u00f1o y medio.<br \/>\n\u2022 Rendimiento del material: Hecho de material met\u00e1lico resistente a altas temperaturas, posee buena resistencia al calor y elasticidad, amortiguando la deformaci\u00f3n de la varilla de carburo de silicio a altas temperaturas y evitando la concentraci\u00f3n de tensi\u00f3n en los puntos de fijaci\u00f3n.<br \/>\n\u2022 Functional Advantages: The curved inner hole of the heating rod clamp closely fits the cold end of the silicon carbide rod, providing stable fixation without restricting the thermal expansion and contraction of the rod, ensuring long-term safe operation.<br \/>\nPar\u00e1metros centrales (ver tabla)<\/p>\n<div style=\"overflow-x: auto; width: 100%;\">\n<table style=\"width: 100%; border-collapse: collapse;\">\n<tbody>\n<tr>\n<td width=\"193\">Di\u00e1metro de la barra de carburo de silicio adecuado (mm)<\/td>\n<td width=\"193\">Modelo de abrazadera tipo M<\/td>\n<td width=\"193\">Di\u00e1metro interior tipo M (mm)<\/td>\n<td width=\"193\">Modelo de abrazadera tipo T (mm)<\/td>\n<td width=\"193\">Di\u00e1metro interior en forma de T (mm)<\/td>\n<\/tr>\n<tr>\n<td width=\"193\">7<\/td>\n<td width=\"193\">M-07<\/td>\n<td width=\"193\">7<\/td>\n<td width=\"193\">no est\u00e1<\/td>\n<td width=\"193\">no est\u00e1<\/td>\n<\/tr>\n<tr>\n<td width=\"193\">10<\/td>\n<td width=\"193\">m-10<\/td>\n<td width=\"193\">10<\/td>\n<td width=\"193\">T-10<\/td>\n<td width=\"193\">11<\/td>\n<\/tr>\n<tr>\n<td width=\"193\">12<\/td>\n<td width=\"193\">M-12<\/td>\n<td width=\"193\">13<\/td>\n<td width=\"193\">T-12<\/td>\n<td width=\"193\">13<\/td>\n<\/tr>\n<tr>\n<td width=\"193\">16<\/td>\n<td width=\"193\">16<\/td>\n<td width=\"193\">16<\/td>\n<td width=\"193\">T-16<\/td>\n<td width=\"193\">16<\/td>\n<\/tr>\n<tr>\n<td width=\"193\">19<\/td>\n<td width=\"193\">19<\/td>\n<td width=\"193\">19<\/td>\n<td width=\"193\">T-19<\/td>\n<td width=\"193\">19<\/td>\n<\/tr>\n<tr>\n<td width=\"193\">25<\/td>\n<td width=\"193\">25<\/td>\n<td width=\"193\">25<\/td>\n<td width=\"193\">T-25<\/td>\n<td width=\"193\">25<\/td>\n<\/tr>\n<tr>\n<td width=\"193\">32<\/td>\n<td width=\"193\">M-32<\/td>\n<td width=\"193\">30<\/td>\n<td width=\"193\">T-32<\/td>\n<td width=\"193\">30<\/td>\n<\/tr>\n<tr>\n<td width=\"193\">35<\/td>\n<td width=\"193\">35<\/td>\n<td width=\"193\">35<\/td>\n<td width=\"193\">T-35<\/td>\n<td width=\"193\">35<\/td>\n<\/tr>\n<tr>\n<td width=\"193\">44<\/td>\n<td width=\"193\">M-44<\/td>\n<td width=\"193\">40<\/td>\n<td width=\"193\">T-44<\/td>\n<td width=\"193\">40<\/td>\n<\/tr>\n<tr>\n<td width=\"193\">54<\/td>\n<td width=\"193\">M-54<\/td>\n<td width=\"193\">51<\/td>\n<td width=\"193\">T-54<\/td>\n<td width=\"193\">51<\/td>\n<\/tr>\n<tr>\n<td width=\"193\">70<\/td>\n<td width=\"193\">no est\u00e1<\/td>\n<td width=\"193\">no est\u00e1<\/td>\n<td width=\"193\">T-70<\/td>\n<td width=\"193\">63<\/td>\n<\/tr>\n<\/tbody>\n<\/table>\n<p>Este es un accesorio esencial para instalar elementos calefactores de carburo de silicio y es ampliamente utilizado en varios hornos industriales y hornos el\u00e9ctricos de laboratorio. La abrazadera adecuada debe seleccionarse en funci\u00f3n del di\u00e1metro de la varilla de carburo de silicio y del espacio de instalaci\u00f3n disponible para garantizar el funcionamiento estable del sistema de calefacci\u00f3n.<\/p>\n<\/div>\n<\/div>","protected":false},"excerpt":{"rendered":"<p>These are the mounting accessories for silicon carbide heating elements, consisting of M-type and T-type heating rod clamps. Their main function is to secure the silicon carbide heating elements to the furnace wall or support structure, ensuring stable installation and accommodating thermal expansion and contraction at high temperatures.<\/p>","protected":false},"featured_media":563,"comment_status":"open","ping_status":"closed","template":"","meta":[],"product_brand":[],"product_cat":[29],"product_tag":[],"class_list":{"0":"post-101","1":"product","2":"type-product","3":"status-publish","4":"has-post-thumbnail","6":"product_cat-accessories","8":"first","9":"instock","10":"shipping-taxable","11":"product-type-simple"},"_links":{"self":[{"href":"https:\/\/qixiangmaterial.com\/es\/wp-json\/wp\/v2\/product\/101","targetHints":{"allow":["GET"]}}],"collection":[{"href":"https:\/\/qixiangmaterial.com\/es\/wp-json\/wp\/v2\/product"}],"about":[{"href":"https:\/\/qixiangmaterial.com\/es\/wp-json\/wp\/v2\/types\/product"}],"replies":[{"embeddable":true,"href":"https:\/\/qixiangmaterial.com\/es\/wp-json\/wp\/v2\/comments?post=101"}],"wp:featuredmedia":[{"embeddable":true,"href":"https:\/\/qixiangmaterial.com\/es\/wp-json\/wp\/v2\/media\/563"}],"wp:attachment":[{"href":"https:\/\/qixiangmaterial.com\/es\/wp-json\/wp\/v2\/media?parent=101"}],"wp:term":[{"taxonomy":"product_brand","embeddable":true,"href":"https:\/\/qixiangmaterial.com\/es\/wp-json\/wp\/v2\/product_brand?post=101"},{"taxonomy":"product_cat","embeddable":true,"href":"https:\/\/qixiangmaterial.com\/es\/wp-json\/wp\/v2\/product_cat?post=101"},{"taxonomy":"product_tag","embeddable":true,"href":"https:\/\/qixiangmaterial.com\/es\/wp-json\/wp\/v2\/product_tag?post=101"}],"curies":[{"name":"pp","href":"https:\/\/api.w.org\/{rel}","templated":true}]}}