{"id":66,"date":"2026-01-28T02:55:01","date_gmt":"2026-01-28T02:55:01","guid":{"rendered":"https:\/\/qixiangmaterial.com\/?post_type=product&#038;p=66"},"modified":"2026-03-03T08:16:24","modified_gmt":"2026-03-03T08:16:24","slug":"dh-type-sic-heating-element","status":"publish","type":"product","link":"https:\/\/qixiangmaterial.com\/es\/producto\/dh-type-sic-heating-element\/","title":{"rendered":"Elemento calefactor SiC tipo DH (di\u00e1metro igual)"},"content":{"rendered":"<div style=\"overflow-x: auto; width: 100%;\">\n<h2>Elemento calefactor SiC tipo DH<\/h2>\n<table style=\"width: 100%; border-collapse: collapse;\">\n<tbody>\n<tr style=\"height: 25.00pt;\">\n<td class=\"et2\" style=\"height: 25.00pt; width: 297.85pt;\" width=\"694\" height=\"58\">Modelo: DH<\/td>\n<\/tr>\n<tr style=\"height: 25.00pt;\">\n<td class=\"et2\" style=\"height: 25.00pt;\" height=\"58\">Di\u00e1metro: OD<\/td>\n<\/tr>\n<tr style=\"height: 25.00pt;\">\n<td class=\"et2\" style=\"height: 25.00pt;\" height=\"58\">Longitud del elemento calefactor: HZ<\/td>\n<\/tr>\n<tr style=\"height: 25.00pt;\">\n<td class=\"et2\" style=\"height: 25.00pt;\" height=\"58\">Longitud del extremo fr\u00edo: CZ<\/td>\n<\/tr>\n<tr style=\"height: 25.00pt;\">\n<td class=\"et2\" style=\"height: 25.00pt;\" height=\"58\">Longitud total: OL<\/td>\n<\/tr>\n<tr style=\"height: 25.00pt;\">\n<td class=\"et2\" style=\"height: 25.00pt;\" height=\"58\">Temperatura m\u00e1xima de funcionamiento: 1520 grados Celsius<\/td>\n<\/tr>\n<\/tbody>\n<\/table>\n<p><strong>Estructura y caracter\u00edsticas:<\/strong><\/p>\n<p>\u2022 Estructura: es una estructura de varilla de di\u00e1metro uniforme, con la secci\u00f3n de calentamiento y extremos fr\u00edos con el mismo di\u00e1metro (OD). Los conectores de terminal blanco se encuentran solo en ambos extremos.<br \/>\n\u2022 Material: el cuerpo principal est\u00e1 hecho de material de carburo de silicio, que posee caracter\u00edsticas de alta resistencia a la temperatura, resistencia a la oxidaci\u00f3n y buena estabilidad t\u00e9rmica.<br \/>\n- Temperatura de funcionamiento: La temperatura m\u00e1xima de funcionamiento puede alcanzar los 1520\u2103, lo que permite un funcionamiento estable a largo plazo en entornos de alta temperatura.<\/p>\n<p><strong>Par\u00e1metros centrales:<\/strong><\/p>\n<p>\u2022 Longitud de la zona de calentamiento (Hz): La longitud de la secci\u00f3n de calefacci\u00f3n central, que determina el \u00e1rea de calefacci\u00f3n y la potencia.<br \/>\n\u2022 Longitud de extremo fr\u00edo (CZ): La longitud de las secciones fr\u00edas en ambos extremos, utilizada para conectar al circuito y reducir la acumulaci\u00f3n de calor en los terminales.<br \/>\n\u2022 Longitud total (OL): La longitud total de la barra de carburo de silicio, que es la suma de la secci\u00f3n de calentamiento y los dos extremos fr\u00edos.<br \/>\n\u2022 Di\u00e1metro (OD): El di\u00e1metro uniforme de toda la varilla, simplificando la instalaci\u00f3n y compatibilidad.<\/p>\n<p><strong>Escenarios aplicables:<\/strong><\/p>\n<p>Se utiliza com\u00fanmente en hornos industriales que requieren altas temperaturas uniformes, como las de sinterizaci\u00f3n cer\u00e1mica, fusi\u00f3n de vidrio y tratamiento t\u00e9rmico metal\u00fargico, as\u00ed como en equipos de calefacci\u00f3n a alta temperatura en laboratorios.<\/p>\n<\/div>","protected":false},"excerpt":{"rendered":"<p>This is a DH type SIC heating element , a high-temperature electric heating element primarily used in various high-temperature industrial furnaces and laboratory electric furnaces.<\/p>","protected":false},"featured_media":565,"comment_status":"open","ping_status":"closed","template":"","meta":[],"product_brand":[],"product_cat":[28],"product_tag":[],"class_list":{"0":"post-66","1":"product","2":"type-product","3":"status-publish","4":"has-post-thumbnail","6":"product_cat-silicon-carbide-heating-elements","8":"first","9":"instock","10":"shipping-taxable","11":"product-type-simple"},"_links":{"self":[{"href":"https:\/\/qixiangmaterial.com\/es\/wp-json\/wp\/v2\/product\/66","targetHints":{"allow":["GET"]}}],"collection":[{"href":"https:\/\/qixiangmaterial.com\/es\/wp-json\/wp\/v2\/product"}],"about":[{"href":"https:\/\/qixiangmaterial.com\/es\/wp-json\/wp\/v2\/types\/product"}],"replies":[{"embeddable":true,"href":"https:\/\/qixiangmaterial.com\/es\/wp-json\/wp\/v2\/comments?post=66"}],"wp:featuredmedia":[{"embeddable":true,"href":"https:\/\/qixiangmaterial.com\/es\/wp-json\/wp\/v2\/media\/565"}],"wp:attachment":[{"href":"https:\/\/qixiangmaterial.com\/es\/wp-json\/wp\/v2\/media?parent=66"}],"wp:term":[{"taxonomy":"product_brand","embeddable":true,"href":"https:\/\/qixiangmaterial.com\/es\/wp-json\/wp\/v2\/product_brand?post=66"},{"taxonomy":"product_cat","embeddable":true,"href":"https:\/\/qixiangmaterial.com\/es\/wp-json\/wp\/v2\/product_cat?post=66"},{"taxonomy":"product_tag","embeddable":true,"href":"https:\/\/qixiangmaterial.com\/es\/wp-json\/wp\/v2\/product_tag?post=66"}],"curies":[{"name":"pp","href":"https:\/\/api.w.org\/{rel}","templated":true}]}}