{"id":69,"date":"2026-01-28T03:10:04","date_gmt":"2026-01-28T03:10:04","guid":{"rendered":"https:\/\/qixiangmaterial.com\/?post_type=product&#038;p=69"},"modified":"2026-03-03T08:06:02","modified_gmt":"2026-03-03T08:06:02","slug":"db-type-silicon-carbide-heating-element","status":"publish","type":"product","link":"https:\/\/qixiangmaterial.com\/es\/producto\/db-type-silicon-carbide-heating-element\/","title":{"rendered":"Elemento de calentamiento de carburo de silicio tipo DB"},"content":{"rendered":"<div style=\"overflow-x: auto; width: 100%;\">\n<h2>Elemento de calentamiento de carburo de silicio tipo DB<\/h2>\n<table style=\"width: 100%; border-collapse: collapse;\">\n<tbody>\n<tr style=\"height: 25.00pt;\">\n<td class=\"et2\" style=\"height: 25.00pt; width: 297.85pt;\" width=\"694\" height=\"58\">Modelo: DB<\/td>\n<\/tr>\n<tr style=\"height: 25.00pt;\">\n<td class=\"et2\" style=\"height: 25.00pt;\" height=\"58\">Di\u00e1metro: D\/D<\/td>\n<\/tr>\n<tr style=\"height: 25.00pt;\">\n<td class=\"et2\" style=\"height: 25.00pt;\" height=\"58\">Longitud del elemento calefactor: HZ<\/td>\n<\/tr>\n<tr style=\"height: 25.00pt;\">\n<td class=\"et2\" style=\"height: 25.00pt;\" height=\"58\">Longitud del extremo fr\u00edo: CZ<\/td>\n<\/tr>\n<tr style=\"height: 25.00pt;\">\n<td class=\"et2\" style=\"height: 25.00pt;\" height=\"58\">Longitud total: OL<\/td>\n<\/tr>\n<tr style=\"height: 20.00pt;\">\n<td class=\"et2\" style=\"height: 20.00pt;\" height=\"46\">Temperatura m\u00e1xima de funcionamiento: 1520 grados Celsius<\/td>\n<\/tr>\n<\/tbody>\n<\/table>\n<p><strong>Estructura y caracter\u00edsticas:<\/strong><\/p>\n<p>\u2022 Estructura: es una estructura en forma de varilla con igual di\u00e1metro y extremos engrosados, dividido en una secci\u00f3n de calentamiento (la delgada secci\u00f3n media negra, di\u00e1metro D) y extremos fr\u00edos (los extremos negros gruesos + terminales de conexi\u00f3n blancos, di\u00e1metro D).<br \/>\n\u2022 Material: el cuerpo principal est\u00e1 hecho de material de carburo de silicio, que tiene una alta resistencia a la temperatura y resistencia a la oxidaci\u00f3n.<br \/>\n\u2022 Rendimiento de temperatura: la temperatura m\u00e1xima de funcionamiento puede alcanzar 1520 \u2103, adecuada para un funcionamiento estable a largo plazo en entornos de alta temperatura.<\/p>\n<p><strong>Par\u00e1metros centrales:<\/strong><\/p>\n<p>\u2022 Longitud de la secci\u00f3n de calentamiento (Hz): La longitud de la secci\u00f3n de calefacci\u00f3n media, que determina el \u00e1rea de calefacci\u00f3n.<br \/>\n\u2022 Longitud de extremo fr\u00edo (CZ): La longitud de los extremos fr\u00edos, utilizado principalmente para conectar el circuito y evitar el sobrecalentamiento de los terminales.<br \/>\n\u2022 Longitud total (OL): La longitud total de la secci\u00f3n de calentamiento y los dos extremos fr\u00edos.<br \/>\n\u2022 Di\u00e1metro (D\/D): D es el di\u00e1metro de la secci\u00f3n de calentamiento y D es el di\u00e1metro de los extremos fr\u00edos. El mayor di\u00e1metro de los extremos fr\u00edos reduce la resistencia y la generaci\u00f3n de calor.<\/p>\n<p><strong>Escenarios aplicables:<\/strong><\/p>\n<p>Es ampliamente utilizado como elemento de calentamiento central en hornos de alta temperatura en las industrias cer\u00e1mica, vidrio y metal\u00fargica, as\u00ed como en hornos el\u00e9ctricos de alta temperatura en laboratorios.<\/p>\n<\/div>","protected":false},"excerpt":{"rendered":"<p>This is a DB type silicon carbide heating element, a high-temperature electric heating component primarily used in high-temperature industrial furnaces, laboratory electric furnaces, and other similar equipment.<\/p>","protected":false},"featured_media":566,"comment_status":"open","ping_status":"closed","template":"","meta":[],"product_brand":[],"product_cat":[28],"product_tag":[],"class_list":{"0":"post-69","1":"product","2":"type-product","3":"status-publish","4":"has-post-thumbnail","6":"product_cat-silicon-carbide-heating-elements","8":"first","9":"instock","10":"shipping-taxable","11":"product-type-simple"},"_links":{"self":[{"href":"https:\/\/qixiangmaterial.com\/es\/wp-json\/wp\/v2\/product\/69","targetHints":{"allow":["GET"]}}],"collection":[{"href":"https:\/\/qixiangmaterial.com\/es\/wp-json\/wp\/v2\/product"}],"about":[{"href":"https:\/\/qixiangmaterial.com\/es\/wp-json\/wp\/v2\/types\/product"}],"replies":[{"embeddable":true,"href":"https:\/\/qixiangmaterial.com\/es\/wp-json\/wp\/v2\/comments?post=69"}],"wp:featuredmedia":[{"embeddable":true,"href":"https:\/\/qixiangmaterial.com\/es\/wp-json\/wp\/v2\/media\/566"}],"wp:attachment":[{"href":"https:\/\/qixiangmaterial.com\/es\/wp-json\/wp\/v2\/media?parent=69"}],"wp:term":[{"taxonomy":"product_brand","embeddable":true,"href":"https:\/\/qixiangmaterial.com\/es\/wp-json\/wp\/v2\/product_brand?post=69"},{"taxonomy":"product_cat","embeddable":true,"href":"https:\/\/qixiangmaterial.com\/es\/wp-json\/wp\/v2\/product_cat?post=69"},{"taxonomy":"product_tag","embeddable":true,"href":"https:\/\/qixiangmaterial.com\/es\/wp-json\/wp\/v2\/product_tag?post=69"}],"curies":[{"name":"pp","href":"https:\/\/api.w.org\/{rel}","templated":true}]}}