{"id":72,"date":"2026-01-28T03:17:18","date_gmt":"2026-01-28T03:17:18","guid":{"rendered":"https:\/\/qixiangmaterial.com\/?post_type=product&#038;p=72"},"modified":"2026-03-03T08:00:39","modified_gmt":"2026-03-03T08:00:39","slug":"sg-type-silicon-carbide-rod","status":"publish","type":"product","link":"https:\/\/qixiangmaterial.com\/es\/producto\/sg-type-silicon-carbide-rod\/","title":{"rendered":"Varilla de carburo de silicio tipo SG"},"content":{"rendered":"<div style=\"overflow-x: auto; width: 100%;\">\n<h2>Varilla de carburo de silicio tipo SG<\/h2>\n<table style=\"width: 100%; border-collapse: collapse;\">\n<tbody>\n<tr style=\"height: 20.00pt;\">\n<td class=\"et2\" style=\"height: 20.00pt; width: 297.85pt;\" width=\"694\" height=\"46\">Modelo: SG<\/td>\n<\/tr>\n<tr style=\"height: 20.00pt;\">\n<td class=\"et2\" style=\"height: 20.00pt;\" height=\"46\">Di\u00e1metro: OD<\/td>\n<\/tr>\n<tr style=\"height: 20.00pt;\">\n<td class=\"et2\" style=\"height: 20.00pt;\" height=\"46\">Longitud del elemento calefactor: HZ<\/td>\n<\/tr>\n<tr style=\"height: 20.00pt;\">\n<td class=\"et2\" style=\"height: 20.00pt;\" height=\"46\">Longitud del extremo fr\u00edo: CZ<\/td>\n<\/tr>\n<tr style=\"height: 20.00pt;\">\n<td class=\"et2\" style=\"height: 20.00pt;\" height=\"46\">Longitud total: OL<\/td>\n<\/tr>\n<tr style=\"height: 20.00pt;\">\n<td class=\"et2\" style=\"height: 20.00pt;\" height=\"46\">Temperatura de funcionamiento m\u00e1xima: 1650 grados Celsius<\/td>\n<\/tr>\n<\/tbody>\n<\/table>\n<p><strong>Estructura y caracter\u00edsticas:<\/strong><\/p>\n<p>\u2022 Estructura: presenta un dise\u00f1o de varilla de di\u00e1metro uniforme con una secci\u00f3n de calentamiento en espiral en los extremos central y fr\u00edo y conectores de terminal blanco en ambos extremos.<br \/>\n\u2022 Material: El cuerpo principal est\u00e1 hecho de material de carburo de silicio. El dise\u00f1o de la ranura en espiral aumenta el \u00e1rea de calentamiento, mejorando la eficiencia de la radiaci\u00f3n del calor y la velocidad de calentamiento.<br \/>\n\u2022 Rendimiento de temperatura: la temperatura m\u00e1xima de funcionamiento puede alcanzar 1650 \u2103, que es m\u00e1s alta que el l\u00edmite de temperatura de los modelos dB y DH, lo que lo hace adecuado para aplicaciones de temperatura ultra alta.<\/p>\n<p><strong>Par\u00e1metros centrales:<\/strong><\/p>\n<p>\u2022 Longitud de la zona de calentamiento (Hz): La longitud de la secci\u00f3n de calentamiento con ranuras en espiral, que determina la potencia de calefacci\u00f3n y el \u00e1rea de radiaci\u00f3n.<br \/>\n\u2022 Longitud de extremo fr\u00edo (CZ): La longitud de las secciones fr\u00edas en ambos extremos, utilizada para la conexi\u00f3n el\u00e9ctrica para evitar el sobrecalentamiento de los terminales.<br \/>\n\u2022 Longitud total (OL): La longitud total de la secci\u00f3n de calentamiento y los dos extremos fr\u00edos.<br \/>\n- Di\u00e1metro (OD): El di\u00e1metro uniforme de toda la varilla, que garantiza una fuerte compatibilidad.<\/p>\n<p><strong>Escenarios aplicables:<\/strong><\/p>\n<p>Se utiliza principalmente en hornos industriales que requieren entornos de temperatura ultra alta, como sinterizaci\u00f3n de cer\u00e1mica de alta gama, fusi\u00f3n de vidrio especial, hornos de crecimiento de cristal y equipos de calefacci\u00f3n a temperatura ultra alta en laboratorios.<\/p>\n<\/div>","protected":false},"excerpt":{"rendered":"<p>This is an SG type silicon carbide rod, a high-performance high-temperature electric heating element, and also the product with the highest temperature resistance rating among these silicon carbide heating elements.<\/p>","protected":false},"featured_media":567,"comment_status":"open","ping_status":"closed","template":"","meta":[],"product_brand":[],"product_cat":[28],"product_tag":[],"class_list":{"0":"post-72","1":"product","2":"type-product","3":"status-publish","4":"has-post-thumbnail","6":"product_cat-silicon-carbide-heating-elements","8":"first","9":"instock","10":"shipping-taxable","11":"product-type-simple"},"_links":{"self":[{"href":"https:\/\/qixiangmaterial.com\/es\/wp-json\/wp\/v2\/product\/72","targetHints":{"allow":["GET"]}}],"collection":[{"href":"https:\/\/qixiangmaterial.com\/es\/wp-json\/wp\/v2\/product"}],"about":[{"href":"https:\/\/qixiangmaterial.com\/es\/wp-json\/wp\/v2\/types\/product"}],"replies":[{"embeddable":true,"href":"https:\/\/qixiangmaterial.com\/es\/wp-json\/wp\/v2\/comments?post=72"}],"wp:featuredmedia":[{"embeddable":true,"href":"https:\/\/qixiangmaterial.com\/es\/wp-json\/wp\/v2\/media\/567"}],"wp:attachment":[{"href":"https:\/\/qixiangmaterial.com\/es\/wp-json\/wp\/v2\/media?parent=72"}],"wp:term":[{"taxonomy":"product_brand","embeddable":true,"href":"https:\/\/qixiangmaterial.com\/es\/wp-json\/wp\/v2\/product_brand?post=72"},{"taxonomy":"product_cat","embeddable":true,"href":"https:\/\/qixiangmaterial.com\/es\/wp-json\/wp\/v2\/product_cat?post=72"},{"taxonomy":"product_tag","embeddable":true,"href":"https:\/\/qixiangmaterial.com\/es\/wp-json\/wp\/v2\/product_tag?post=72"}],"curies":[{"name":"pp","href":"https:\/\/api.w.org\/{rel}","templated":true}]}}