{"id":77,"date":"2026-01-28T07:43:42","date_gmt":"2026-01-28T07:43:42","guid":{"rendered":"https:\/\/qixiangmaterial.com\/?post_type=product&#038;p=77"},"modified":"2026-03-03T07:49:26","modified_gmt":"2026-03-03T07:49:26","slug":"ux-type-silicon-carbide-heating-element","status":"publish","type":"product","link":"https:\/\/qixiangmaterial.com\/es\/producto\/ux-type-silicon-carbide-heating-element\/","title":{"rendered":"Elemento calefactor de carburo de silicio tipo UX"},"content":{"rendered":"<div style=\"overflow-x: auto; width: 100%;\">\n<h2>Elemento calefactor de carburo de silicio tipo UX<\/h2>\n<table style=\"width: 100%; border-collapse: collapse;\">\n<tbody>\n<tr style=\"height: 20.00pt;\">\n<td class=\"et2\" style=\"height: 20.00pt; width: 297.85pt;\" width=\"694\" height=\"46\">Modelo: UX<\/td>\n<\/tr>\n<tr style=\"height: 20.00pt;\">\n<td class=\"et2\" style=\"height: 20.00pt;\" height=\"46\">Di\u00e1metro: OD<\/td>\n<\/tr>\n<tr style=\"height: 20.00pt;\">\n<td class=\"et2\" style=\"height: 20.00pt;\" height=\"46\">Longitud del elemento calefactor: HZ<\/td>\n<\/tr>\n<tr style=\"height: 20.00pt;\">\n<td class=\"et2\" style=\"height: 20.00pt;\" height=\"46\">Longitud del extremo fr\u00edo: CZ<\/td>\n<\/tr>\n<tr style=\"height: 20.00pt;\">\n<td class=\"et2\" style=\"height: 20.00pt;\" height=\"46\">Longitud total: OL<\/td>\n<\/tr>\n<tr style=\"height: 20.00pt;\">\n<td class=\"et2\" style=\"height: 20.00pt;\" height=\"46\">Temperatura m\u00e1xima de funcionamiento: 1520 grados Celsius<\/td>\n<\/tr>\n<\/tbody>\n<\/table>\n<p><strong>Estructura y caracter\u00edsticas:<\/strong><\/p>\n<p>\u2022 Estructura: adoptando un dise\u00f1o de un solo extremo, el extremo fr\u00edo se integra en un extremo de la varilla, con dos cables trenzados que se extienden desde un conector de metal como terminales. El otro extremo es la secci\u00f3n de calentamiento sellada y toda la varilla tiene un di\u00e1metro uniforme.<br \/>\n\u2022 Material: el cuerpo principal est\u00e1 hecho de material de carburo de silicio, y los cables utilizan alambre trenzado met\u00e1lico resistente a altas temperaturas, asegurando una conductividad estable en ambientes de alta temperatura.<br \/>\n- Temperatura de funcionamiento: La temperatura m\u00e1xima de funcionamiento puede alcanzar los 1520\u2103, lo que permite un funcionamiento estable a largo plazo en entornos de alta temperatura.<\/p>\n<p><strong>Par\u00e1metros principales\uff1a<\/strong><\/p>\n<p>\u2022 Longitud de la zona de calentamiento (Hz): La longitud de la secci\u00f3n de calentamiento de la barra, que determina la potencia de calentamiento y el rango de calentamiento.<br \/>\n\u2022 Longitud de extremo fr\u00edo (CZ): La longitud de la secci\u00f3n de fr\u00edo de un solo extremo, que integra la estructura de cableado y evita el sobrecalentamiento de los terminales.<br \/>\n\u2022 Longitud total (OL): La longitud total de la secci\u00f3n de calentamiento y el extremo fr\u00edo.<br \/>\n- Di\u00e1metro (OD): El di\u00e1metro uniforme de toda la varilla, que garantiza una fuerte compatibilidad.<\/p>\n<p><strong>Escenarios aplicables\uff1a<\/strong><\/p>\n<p>Es particularmente adecuado para hornos de alta temperatura instalados desde un lado de la pared del horno, peque\u00f1os hornos el\u00e9ctricos experimentales y equipos de calefacci\u00f3n que requieren cableado de un solo lado. Se utiliza com\u00fanmente en aplicaciones como la sinterizaci\u00f3n de materiales cer\u00e1micos y electr\u00f3nicos.<\/p>\n<\/div>","protected":false},"excerpt":{"rendered":"<p>This is a UX type silicon carbide heating element, a high-temperature electric heating element with a special structure and single-ended lead wires, primarily used in high-temperature equipment with limited installation space.<\/p>","protected":false},"featured_media":568,"comment_status":"open","ping_status":"closed","template":"","meta":[],"product_brand":[],"product_cat":[28],"product_tag":[],"class_list":{"0":"post-77","1":"product","2":"type-product","3":"status-publish","4":"has-post-thumbnail","6":"product_cat-silicon-carbide-heating-elements","8":"first","9":"instock","10":"shipping-taxable","11":"product-type-simple"},"_links":{"self":[{"href":"https:\/\/qixiangmaterial.com\/es\/wp-json\/wp\/v2\/product\/77","targetHints":{"allow":["GET"]}}],"collection":[{"href":"https:\/\/qixiangmaterial.com\/es\/wp-json\/wp\/v2\/product"}],"about":[{"href":"https:\/\/qixiangmaterial.com\/es\/wp-json\/wp\/v2\/types\/product"}],"replies":[{"embeddable":true,"href":"https:\/\/qixiangmaterial.com\/es\/wp-json\/wp\/v2\/comments?post=77"}],"wp:featuredmedia":[{"embeddable":true,"href":"https:\/\/qixiangmaterial.com\/es\/wp-json\/wp\/v2\/media\/568"}],"wp:attachment":[{"href":"https:\/\/qixiangmaterial.com\/es\/wp-json\/wp\/v2\/media?parent=77"}],"wp:term":[{"taxonomy":"product_brand","embeddable":true,"href":"https:\/\/qixiangmaterial.com\/es\/wp-json\/wp\/v2\/product_brand?post=77"},{"taxonomy":"product_cat","embeddable":true,"href":"https:\/\/qixiangmaterial.com\/es\/wp-json\/wp\/v2\/product_cat?post=77"},{"taxonomy":"product_tag","embeddable":true,"href":"https:\/\/qixiangmaterial.com\/es\/wp-json\/wp\/v2\/product_tag?post=77"}],"curies":[{"name":"pp","href":"https:\/\/api.w.org\/{rel}","templated":true}]}}