{"id":80,"date":"2026-01-28T07:55:20","date_gmt":"2026-01-28T07:55:20","guid":{"rendered":"https:\/\/qixiangmaterial.com\/?post_type=product&#038;p=80"},"modified":"2026-03-02T09:06:09","modified_gmt":"2026-03-02T09:06:09","slug":"sgr-type-silicon-carbide-rod","status":"publish","type":"product","link":"https:\/\/qixiangmaterial.com\/es\/producto\/sgr-type-silicon-carbide-rod\/","title":{"rendered":"Varilla de carburo de silicio tipo SGR"},"content":{"rendered":"<div style=\"overflow-x: auto; width: 100%;\">\n<h2>Varilla de carburo de silicio tipo SGR<\/h2>\n<table style=\"width: 100%; border-collapse: collapse;\">\n<tbody>\n<tr style=\"height: 20.00pt;\">\n<td class=\"et2\" style=\"height: 20.00pt; width: 297.85pt;\" width=\"694\" height=\"46\">Modelo: SGR<\/td>\n<\/tr>\n<tr style=\"height: 20.00pt;\">\n<td class=\"et2\" style=\"height: 20.00pt;\" height=\"46\">Di\u00e1metro: OD<\/td>\n<\/tr>\n<tr style=\"height: 20.00pt;\">\n<td class=\"et2\" style=\"height: 20.00pt;\" height=\"46\">Longitud del elemento calefactor: HZ<\/td>\n<\/tr>\n<tr style=\"height: 20.00pt;\">\n<td class=\"et2\" style=\"height: 20.00pt;\" height=\"46\">Longitud del extremo fr\u00edo: CZ<\/td>\n<\/tr>\n<tr style=\"height: 20.00pt;\">\n<td class=\"et2\" style=\"height: 20.00pt;\" height=\"46\">Longitud total: OL<\/td>\n<\/tr>\n<tr style=\"height: 20.00pt;\">\n<td class=\"et2\" style=\"height: 20.00pt;\" height=\"46\">Temperatura de funcionamiento m\u00e1xima: 1650 grados Celsius<\/td>\n<\/tr>\n<\/tbody>\n<\/table>\n<p><strong>Estructura y caracter\u00edsticas:<\/strong><\/p>\n<p>\u2022 Estructura: adoptando un dise\u00f1o de un solo extremo, el extremo fr\u00edo se integra en un extremo de la barra, mientras que el otro extremo es la secci\u00f3n de calentamiento con ranura en espiral. Toda la varilla tiene un di\u00e1metro uniforme, y el dise\u00f1o de la ranura en espiral aumenta el \u00e1rea de calentamiento y mejora la eficiencia de la radiaci\u00f3n t\u00e9rmica.<br \/>\n\u2022 Material: el cuerpo principal est\u00e1 hecho de material de carburo de silicio, que tiene las caracter\u00edsticas de alta resistencia a la temperatura, resistencia a la oxidaci\u00f3n y buena estabilidad t\u00e9rmica, lo que lo hace adecuado para un funcionamiento a largo plazo a temperaturas ultra altas.<br \/>\n\u2022 Rendimiento de temperatura: la temperatura m\u00e1xima de funcionamiento puede alcanzar 1650 \u2103, lo que la convierte en una varilla de carburo de silicio de un solo extremo con una resistencia a la temperatura muy alta.<\/p>\n<p><strong>Par\u00e1metros principales\uff1a<\/strong><\/p>\n<p>\u2022 Longitud de la zona de calentamiento (Hz): La longitud de la secci\u00f3n de calentamiento con la ranura en espiral, que determina la potencia de calefacci\u00f3n y el \u00e1rea de radiaci\u00f3n.<br \/>\n\u2022 Longitud de extremo fr\u00edo (CZ): La longitud de la secci\u00f3n de fr\u00edo de un solo extremo, utilizada para la conexi\u00f3n del circuito para evitar el sobrecalentamiento de los terminales de cableado.<br \/>\n\u2022 Longitud total (OL): La longitud total de la secci\u00f3n de calentamiento y el extremo fr\u00edo.<br \/>\n- Di\u00e1metro (OD): El di\u00e1metro uniforme de toda la varilla, que garantiza una fuerte compatibilidad.<\/p>\n<p><strong>Escenarios aplicables\uff1a<\/strong><\/p>\n<p>Se utiliza principalmente en equipos que requieren temperaturas ultra altas y solo permiten la instalaci\u00f3n de un solo lado, como peque\u00f1os hornos el\u00e9ctricos experimentales a temperatura ultra alta, hornos de sinterizaci\u00f3n de materiales especiales, equipos de crecimiento de cristal, etc., y se usa com\u00fanmente en la preparaci\u00f3n de materiales de alta gama como cer\u00e1mica electr\u00f3nica y vidrio \u00f3ptico.<\/p>\n<\/div>","protected":false},"excerpt":{"rendered":"<p>This is an SGR type silicon carbide rod, a single-ended, ultra-high temperature electric heating element that combines high temperature resistance with the convenience of single-sided installation.<\/p>","protected":false},"featured_media":569,"comment_status":"open","ping_status":"closed","template":"","meta":[],"product_brand":[],"product_cat":[28],"product_tag":[],"class_list":{"0":"post-80","1":"product","2":"type-product","3":"status-publish","4":"has-post-thumbnail","6":"product_cat-silicon-carbide-heating-elements","8":"first","9":"instock","10":"shipping-taxable","11":"product-type-simple"},"_links":{"self":[{"href":"https:\/\/qixiangmaterial.com\/es\/wp-json\/wp\/v2\/product\/80","targetHints":{"allow":["GET"]}}],"collection":[{"href":"https:\/\/qixiangmaterial.com\/es\/wp-json\/wp\/v2\/product"}],"about":[{"href":"https:\/\/qixiangmaterial.com\/es\/wp-json\/wp\/v2\/types\/product"}],"replies":[{"embeddable":true,"href":"https:\/\/qixiangmaterial.com\/es\/wp-json\/wp\/v2\/comments?post=80"}],"wp:featuredmedia":[{"embeddable":true,"href":"https:\/\/qixiangmaterial.com\/es\/wp-json\/wp\/v2\/media\/569"}],"wp:attachment":[{"href":"https:\/\/qixiangmaterial.com\/es\/wp-json\/wp\/v2\/media?parent=80"}],"wp:term":[{"taxonomy":"product_brand","embeddable":true,"href":"https:\/\/qixiangmaterial.com\/es\/wp-json\/wp\/v2\/product_brand?post=80"},{"taxonomy":"product_cat","embeddable":true,"href":"https:\/\/qixiangmaterial.com\/es\/wp-json\/wp\/v2\/product_cat?post=80"},{"taxonomy":"product_tag","embeddable":true,"href":"https:\/\/qixiangmaterial.com\/es\/wp-json\/wp\/v2\/product_tag?post=80"}],"curies":[{"name":"pp","href":"https:\/\/api.w.org\/{rel}","templated":true}]}}