{"id":83,"date":"2026-01-28T08:10:41","date_gmt":"2026-01-28T08:10:41","guid":{"rendered":"https:\/\/qixiangmaterial.com\/?post_type=product&#038;p=83"},"modified":"2026-03-02T08:30:06","modified_gmt":"2026-03-02T08:30:06","slug":"cu-type-silicon-carbide-rod","status":"publish","type":"product","link":"https:\/\/qixiangmaterial.com\/es\/producto\/cu-type-silicon-carbide-rod\/","title":{"rendered":"Varilla de carburo de silicio tipo Cu"},"content":{"rendered":"<div style=\"overflow-x: auto; width: 100%;\">\n<h2>Varilla de carburo de silicio tipo Cu<\/h2>\n<table style=\"width: 100%; border-collapse: collapse;\">\n<tbody>\n<tr style=\"height: 20.00pt;\">\n<td class=\"et2\" style=\"height: 20.00pt; width: 297.85pt;\" width=\"694\" height=\"46\">Modelo: CU<\/td>\n<\/tr>\n<tr style=\"height: 20.00pt;\">\n<td class=\"et2\" style=\"height: 20.00pt;\" height=\"46\">Di\u00e1metro: OD<\/td>\n<\/tr>\n<tr style=\"height: 20.00pt;\">\n<td class=\"et2\" style=\"height: 20.00pt;\" height=\"46\">Longitud del elemento calefactor: HZ<\/td>\n<\/tr>\n<tr style=\"height: 20.00pt;\">\n<td class=\"et2\" style=\"height: 20.00pt;\" height=\"46\">Longitud del extremo fr\u00edo: CZ<\/td>\n<\/tr>\n<tr style=\"height: 20.00pt;\">\n<td class=\"et2\" style=\"height: 20.00pt;\" height=\"46\">Longitud total: OL<\/td>\n<\/tr>\n<tr style=\"height: 20.00pt;\">\n<td class=\"et2\" style=\"height: 20.00pt;\" height=\"46\">Espaciado: A<\/td>\n<\/tr>\n<tr style=\"height: 20.00pt;\">\n<td class=\"et2\" style=\"height: 20.00pt;\" height=\"46\">Extremo horizontal: D<\/td>\n<\/tr>\n<tr style=\"height: 20.00pt;\">\n<td class=\"et2\" style=\"height: 20.00pt;\" height=\"46\">Temperatura m\u00e1xima de funcionamiento: 1520 grados Celsius<\/td>\n<\/tr>\n<\/tbody>\n<\/table>\n<p><strong>Estructura y caracter\u00edsticas:<\/strong><\/p>\n<p>\u2022 Estructura: adopta un dise\u00f1o integrado de doble tubo en forma de U, con dos varillas paralelas conectadas por un extremo transversal (D). El otro extremo consiste en un extremo fr\u00edo y una terminal blanca. Toda la varilla tiene un di\u00e1metro uniforme.<br \/>\n\u2022 Material: el cuerpo principal est\u00e1 hecho de material de carburo de silicio, que posee caracter\u00edsticas de alta resistencia a la temperatura, resistencia a la oxidaci\u00f3n y buena estabilidad t\u00e9rmica.<br \/>\n- Temperatura de funcionamiento: La temperatura m\u00e1xima de funcionamiento puede alcanzar los 1520\u2103, lo que permite un funcionamiento estable a largo plazo en entornos de alta temperatura.<\/p>\n<p><strong>Par\u00e1metros principales\uff1a<\/strong><\/p>\n<p>- Longitud de la zona de calentamiento (HZ): La longitud de la secci\u00f3n de calentamiento de una sola varilla, que determina la potencia de calentamiento y el rango de calentamiento.<br \/>\n- Longitud de los extremos fr\u00edos (CZ): La longitud de las secciones fr\u00edas en ambos extremos, utilizada en la conexi\u00f3n de circuitos para evitar el sobrecalentamiento de los terminales.<br \/>\n\u2022 Longitud total (OL): La longitud total de la secci\u00f3n de calentamiento y los extremos fr\u00edos de una sola varilla.<br \/>\n\u2022 Espaciamiento (A): La distancia entre las dos barras paralelas, adaptables a diferentes espacios de instalaci\u00f3n de hornos.<br \/>\n\u2022 Extremo transversal (D): El tama\u00f1o del extremo que conecta las dos varillas, asegurando resistencia estructural y conducci\u00f3n de corriente.<br \/>\n\u2022 Di\u00e1metro (OD): El di\u00e1metro uniforme de toda la varilla, ofreciendo una fuerte compatibilidad.<\/p>\n<p><strong>Escenarios aplicables\uff1a<\/strong><\/p>\n<p>Es ampliamente utilizado en hornos industriales que requieren calentamiento uniforme, como hornos de sinterizaci\u00f3n de cer\u00e1mica, hornos de fusi\u00f3n de vidrio y hornos de tratamiento t\u00e9rmico. Tambi\u00e9n es adecuado como elemento de calentamiento central en hornos el\u00e9ctricos de laboratorio.<\/p>\n<\/div>","protected":false},"excerpt":{"rendered":"<p>This is a CU type silicon carbide rod, a U-shaped high-temperature electric heating element suitable for use in high-temperature equipment requiring double-sided installation or increased heating surface area.<\/p>","protected":false},"featured_media":570,"comment_status":"open","ping_status":"closed","template":"","meta":[],"product_brand":[],"product_cat":[28],"product_tag":[],"class_list":{"0":"post-83","1":"product","2":"type-product","3":"status-publish","4":"has-post-thumbnail","6":"product_cat-silicon-carbide-heating-elements","8":"first","9":"instock","10":"shipping-taxable","11":"product-type-simple"},"_links":{"self":[{"href":"https:\/\/qixiangmaterial.com\/es\/wp-json\/wp\/v2\/product\/83","targetHints":{"allow":["GET"]}}],"collection":[{"href":"https:\/\/qixiangmaterial.com\/es\/wp-json\/wp\/v2\/product"}],"about":[{"href":"https:\/\/qixiangmaterial.com\/es\/wp-json\/wp\/v2\/types\/product"}],"replies":[{"embeddable":true,"href":"https:\/\/qixiangmaterial.com\/es\/wp-json\/wp\/v2\/comments?post=83"}],"wp:featuredmedia":[{"embeddable":true,"href":"https:\/\/qixiangmaterial.com\/es\/wp-json\/wp\/v2\/media\/570"}],"wp:attachment":[{"href":"https:\/\/qixiangmaterial.com\/es\/wp-json\/wp\/v2\/media?parent=83"}],"wp:term":[{"taxonomy":"product_brand","embeddable":true,"href":"https:\/\/qixiangmaterial.com\/es\/wp-json\/wp\/v2\/product_brand?post=83"},{"taxonomy":"product_cat","embeddable":true,"href":"https:\/\/qixiangmaterial.com\/es\/wp-json\/wp\/v2\/product_cat?post=83"},{"taxonomy":"product_tag","embeddable":true,"href":"https:\/\/qixiangmaterial.com\/es\/wp-json\/wp\/v2\/product_tag?post=83"}],"curies":[{"name":"pp","href":"https:\/\/api.w.org\/{rel}","templated":true}]}}