{"id":89,"date":"2026-01-28T08:32:17","date_gmt":"2026-01-28T08:32:17","guid":{"rendered":"https:\/\/qixiangmaterial.com\/?post_type=product&#038;p=89"},"modified":"2026-02-28T08:12:20","modified_gmt":"2026-02-28T08:12:20","slug":"w-shaped-silicon-carbide-rod","status":"publish","type":"product","link":"https:\/\/qixiangmaterial.com\/es\/producto\/w-shaped-silicon-carbide-rod\/","title":{"rendered":"Varilla de carburo de silicio en forma de W"},"content":{"rendered":"<div style=\"overflow-x: auto; width: 100%;\">\n<h2>Varilla de carburo de silicio en forma de W<\/h2>\n<table style=\"width: 100%; border-collapse: collapse;\">\n<tbody>\n<tr style=\"height: 20.00pt;\">\n<td class=\"et2\" style=\"height: 20.00pt; width: 297.85pt;\" width=\"694\" height=\"46\">Modelo: W<\/td>\n<\/tr>\n<tr style=\"height: 20.00pt;\">\n<td class=\"et2\" style=\"height: 20.00pt;\" height=\"46\">Di\u00e1metro: OD<\/td>\n<\/tr>\n<tr style=\"height: 20.00pt;\">\n<td class=\"et2\" style=\"height: 20.00pt;\" height=\"46\">Longitud del elemento calefactor: HZ<\/td>\n<\/tr>\n<tr style=\"height: 20.00pt;\">\n<td class=\"et2\" style=\"height: 20.00pt;\" height=\"46\">Longitud del extremo fr\u00edo: CZ<\/td>\n<\/tr>\n<tr style=\"height: 20.00pt;\">\n<td class=\"et2\" style=\"height: 20.00pt;\" height=\"46\">Longitud total: OL<\/td>\n<\/tr>\n<tr style=\"height: 20.00pt;\">\n<td class=\"et2\" style=\"height: 20.00pt;\" height=\"46\">Espaciado: A<\/td>\n<\/tr>\n<tr style=\"height: 20.00pt;\">\n<td class=\"et2\" style=\"height: 20.00pt;\" height=\"46\">Extremo horizontal: D<\/td>\n<\/tr>\n<tr style=\"height: 20.00pt;\">\n<td class=\"et2\" style=\"height: 20.00pt;\" height=\"46\">Temperatura m\u00e1xima de funcionamiento: 1520 grados Celsius<\/td>\n<\/tr>\n<\/tbody>\n<\/table>\n<p><strong>Estructura\uff1a<\/strong><\/p>\n<p>- Estructura: Adoptando un dise\u00f1o integrado de tres tubos, tres varillas paralelas est\u00e1n conectadas por un extremo transversal (D), siendo el otro extremo el extremo fr\u00edo y el terminal blanco. Toda la varilla tiene un di\u00e1metro uniforme.<br \/>\n- Material: El cuerpo principal est\u00e1 hecho de material de carburo de silicio, que se caracteriza por su resistencia a altas temperaturas, resistencia a la oxidaci\u00f3n y buena estabilidad t\u00e9rmica.<br \/>\n- Temperatura de funcionamiento: La temperatura m\u00e1xima de funcionamiento puede alcanzar los 1520\u2103, lo que permite un funcionamiento estable a largo plazo en entornos de alta temperatura.<\/p>\n<p><strong>Par\u00e1metros principales\uff1a<\/strong><\/p>\n<p>- Longitud de la zona de calentamiento (HZ): La longitud de la secci\u00f3n de calentamiento de una sola varilla, que determina la potencia de calentamiento y el rango de calentamiento.<br \/>\n- Longitud de los extremos fr\u00edos (CZ): La longitud de las secciones fr\u00edas en ambos extremos, utilizada en la conexi\u00f3n de circuitos para evitar el sobrecalentamiento de los terminales.<br \/>\n- Longitud total (OL): La longitud total de la zona de calentamiento y los extremos fr\u00edos de una sola varilla.<br \/>\n- Separaci\u00f3n (A): Distancia entre varillas adyacentes, adaptable a diferentes espacios de instalaci\u00f3n del horno.<br \/>\n- Extremo transversal (D): Las dimensiones del extremo que conecta las tres varillas, garantizando la resistencia estructural y la conducci\u00f3n de corriente.<br \/>\n- Di\u00e1metro (OD): El di\u00e1metro uniforme de toda la varilla, que garantiza una fuerte compatibilidad.<\/p>\n<p><strong>Escenarios aplicables\uff1a<\/strong><\/p>\n<p>Se utiliza principalmente en grandes hornos industriales que requieren gran potencia calor\u00edfica y alta uniformidad de temperatura, como hornos de rodillos para cer\u00e1mica, hornos de fusi\u00f3n de vidrio y grandes hornos de tratamiento t\u00e9rmico. El dise\u00f1o de tres tubos mejora notablemente la eficacia del calentamiento y la uniformidad de la temperatura dentro del horno.<\/p>\n<\/div>","protected":false},"excerpt":{"rendered":"<p>This is a W shaped silicon carbide rod, a high-temperature electric heating element with three parallel tubes, which provides greater heating power and a more uniform heating effect.<\/p>","protected":false},"featured_media":572,"comment_status":"open","ping_status":"closed","template":"","meta":[],"product_brand":[],"product_cat":[28],"product_tag":[],"class_list":{"0":"post-89","1":"product","2":"type-product","3":"status-publish","4":"has-post-thumbnail","6":"product_cat-silicon-carbide-heating-elements","8":"first","9":"instock","10":"shipping-taxable","11":"product-type-simple"},"_links":{"self":[{"href":"https:\/\/qixiangmaterial.com\/es\/wp-json\/wp\/v2\/product\/89","targetHints":{"allow":["GET"]}}],"collection":[{"href":"https:\/\/qixiangmaterial.com\/es\/wp-json\/wp\/v2\/product"}],"about":[{"href":"https:\/\/qixiangmaterial.com\/es\/wp-json\/wp\/v2\/types\/product"}],"replies":[{"embeddable":true,"href":"https:\/\/qixiangmaterial.com\/es\/wp-json\/wp\/v2\/comments?post=89"}],"wp:featuredmedia":[{"embeddable":true,"href":"https:\/\/qixiangmaterial.com\/es\/wp-json\/wp\/v2\/media\/572"}],"wp:attachment":[{"href":"https:\/\/qixiangmaterial.com\/es\/wp-json\/wp\/v2\/media?parent=89"}],"wp:term":[{"taxonomy":"product_brand","embeddable":true,"href":"https:\/\/qixiangmaterial.com\/es\/wp-json\/wp\/v2\/product_brand?post=89"},{"taxonomy":"product_cat","embeddable":true,"href":"https:\/\/qixiangmaterial.com\/es\/wp-json\/wp\/v2\/product_cat?post=89"},{"taxonomy":"product_tag","embeddable":true,"href":"https:\/\/qixiangmaterial.com\/es\/wp-json\/wp\/v2\/product_tag?post=89"}],"curies":[{"name":"pp","href":"https:\/\/api.w.org\/{rel}","templated":true}]}}