{"id":893,"date":"2026-02-05T00:32:23","date_gmt":"2026-02-05T00:32:23","guid":{"rendered":"https:\/\/qixiangmaterial.com\/?post_type=product&#038;p=893"},"modified":"2026-02-28T06:41:24","modified_gmt":"2026-02-28T06:41:24","slug":"molybdenum-disilicide-heating-element","status":"publish","type":"product","link":"https:\/\/qixiangmaterial.com\/es\/producto\/molybdenum-disilicide-heating-element\/","title":{"rendered":"Elemento calefactor de disilicidio de molibdeno"},"content":{"rendered":"<h2>Elemento calefactor de disilicidio de molibdeno<\/h2>\n<h3><strong>Caracter\u00edsticas clave<\/strong><\/h3>\n<p>\u2022 Resistencia a altas temperaturas: puede funcionar de manera estable durante largos per\u00edodos en entornos de alta temperatura de 1600-1800\u2103, adecuados para aplicaciones de alta temperatura como sinterizaci\u00f3n cer\u00e1mica y tratamiento t\u00e9rmico de metal.<br \/>\n\u2022 Calefacci\u00f3n uniforme y estable: la superficie del elemento se calienta uniformemente, con una velocidad de calentamiento r\u00e1pido, mejorando eficazmente la eficiencia de calefacci\u00f3n y la precisi\u00f3n del control de temperatura del equipo.<br \/>\n\u2022 Resistencia a la oxidaci\u00f3n y a la corrosi\u00f3n: se forma una capa protectora de vidrio de cuarzo denso en una atm\u00f3sfera oxidante de alta temperatura, resistiendo la corrosi\u00f3n de la mayor\u00eda de los gases \u00e1cidos y prolongando la vida \u00fatil.<br \/>\n\u2022 Fuerte adaptabilidad estructural: adopta un dise\u00f1o de estructura en forma de U con dimensiones estandarizadas (como el di\u00e1metro de la secci\u00f3n de calefacci\u00f3n D\u2081, di\u00e1metro de extremo fr\u00edo D\u2082, longitud de secci\u00f3n de calefacci\u00f3n LE, etc.), lo que lo hace adaptable a diferentes especificaciones de c\u00e1maras de hornos industriales.<\/p>\n<h3><strong>Escenarios de aplicaci\u00f3n<\/strong><\/h3>\n<p>Es ampliamente utilizado en hornos de sinterizaci\u00f3n de carburo cementado, hornos de sinterizaci\u00f3n de alta temperatura de cer\u00e1mica, hornos de crecimiento de zafiro y varios hornos el\u00e9ctricos de alta temperatura de laboratorio, y es un componente b\u00e1sico clave en el campo del calentamiento a alta temperatura.<\/p>","protected":false},"excerpt":{"rendered":"<p>This is a U-shaped molybdenum disilicide heating element made primarily of molybdenum disilicide, mainly used as the core heating component in high-temperature industrial furnaces, laboratory electric furnaces, and other equipment.<\/p>","protected":false},"featured_media":899,"comment_status":"open","ping_status":"closed","template":"","meta":[],"product_brand":[],"product_cat":[28],"product_tag":[],"class_list":{"0":"post-893","1":"product","2":"type-product","3":"status-publish","4":"has-post-thumbnail","6":"product_cat-silicon-carbide-heating-elements","8":"first","9":"instock","10":"shipping-taxable","11":"product-type-simple"},"_links":{"self":[{"href":"https:\/\/qixiangmaterial.com\/es\/wp-json\/wp\/v2\/product\/893","targetHints":{"allow":["GET"]}}],"collection":[{"href":"https:\/\/qixiangmaterial.com\/es\/wp-json\/wp\/v2\/product"}],"about":[{"href":"https:\/\/qixiangmaterial.com\/es\/wp-json\/wp\/v2\/types\/product"}],"replies":[{"embeddable":true,"href":"https:\/\/qixiangmaterial.com\/es\/wp-json\/wp\/v2\/comments?post=893"}],"wp:featuredmedia":[{"embeddable":true,"href":"https:\/\/qixiangmaterial.com\/es\/wp-json\/wp\/v2\/media\/899"}],"wp:attachment":[{"href":"https:\/\/qixiangmaterial.com\/es\/wp-json\/wp\/v2\/media?parent=893"}],"wp:term":[{"taxonomy":"product_brand","embeddable":true,"href":"https:\/\/qixiangmaterial.com\/es\/wp-json\/wp\/v2\/product_brand?post=893"},{"taxonomy":"product_cat","embeddable":true,"href":"https:\/\/qixiangmaterial.com\/es\/wp-json\/wp\/v2\/product_cat?post=893"},{"taxonomy":"product_tag","embeddable":true,"href":"https:\/\/qixiangmaterial.com\/es\/wp-json\/wp\/v2\/product_tag?post=893"}],"curies":[{"name":"pp","href":"https:\/\/api.w.org\/{rel}","templated":true}]}}