{"id":92,"date":"2026-01-28T08:41:24","date_gmt":"2026-01-28T08:41:24","guid":{"rendered":"https:\/\/qixiangmaterial.com\/?post_type=product&#038;p=92"},"modified":"2026-02-28T07:26:49","modified_gmt":"2026-02-28T07:26:49","slug":"v-shaped-silicon-carbide-heating-rod","status":"publish","type":"product","link":"https:\/\/qixiangmaterial.com\/es\/producto\/v-shaped-silicon-carbide-heating-rod\/","title":{"rendered":"Varilla de calentamiento de carburo de silicio en forma de V"},"content":{"rendered":"<div style=\"overflow-x: auto; width: 100%;\">\n<h2>Varilla calefactora de carburo de silicio en forma de V<\/h2>\n<table style=\"width: 100%; border-collapse: collapse;\">\n<tbody>\n<tr style=\"height: 20.00pt;\">\n<td class=\"et2\" style=\"height: 20.00pt; width: 297.85pt;\" width=\"694\" height=\"46\">Modelo: W<\/td>\n<\/tr>\n<tr style=\"height: 20.00pt;\">\n<td class=\"et2\" style=\"height: 20.00pt;\" height=\"46\">Di\u00e1metro: OD<\/td>\n<\/tr>\n<tr style=\"height: 20.00pt;\">\n<td class=\"et2\" style=\"height: 20.00pt;\" height=\"46\">Longitud de la varilla calefactora: HZ<\/td>\n<\/tr>\n<tr style=\"height: 20.00pt;\">\n<td class=\"et2\" style=\"height: 20.00pt;\" height=\"46\">Longitud del extremo fr\u00edo: CZ<\/td>\n<\/tr>\n<tr style=\"height: 20.00pt;\">\n<td class=\"et2\" style=\"height: 20.00pt;\" height=\"46\">Longitud total: OL<\/td>\n<\/tr>\n<tr style=\"height: 20.00pt;\">\n<td class=\"et2\" style=\"height: 20.00pt;\" height=\"46\">Espaciado: A<\/td>\n<\/tr>\n<tr style=\"height: 20.00pt;\">\n<td class=\"et2\" style=\"height: 20.00pt;\" height=\"46\">Extremo horizontal: D<\/td>\n<\/tr>\n<tr style=\"height: 20.00pt;\">\n<td class=\"et2\" style=\"height: 20.00pt;\" height=\"46\">Temperatura m\u00e1xima de funcionamiento: 1520 grados Celsius<\/td>\n<\/tr>\n<\/tbody>\n<\/table>\n<p><strong>Estructura y caracter\u00edsticas:<\/strong><br \/>\n\u2022 Estructura: adoptando un dise\u00f1o integrado de marco cuadrado, consta de dos secciones de calefacci\u00f3n vertical y una secci\u00f3n de calefacci\u00f3n horizontal, formando una estructura cerrada en forma de \u201cV\u201d (o cuadrada). El fondo es el extremo fr\u00edo con terminales blancos, y toda la varilla tiene un di\u00e1metro uniforme.<br \/>\n\u2022 Material: el cuerpo principal est\u00e1 hecho de material de carburo de silicio, que posee caracter\u00edsticas de alta resistencia a la temperatura, resistencia a la oxidaci\u00f3n y buena estabilidad t\u00e9rmica.<br \/>\n- Temperatura de funcionamiento: La temperatura m\u00e1xima de funcionamiento puede alcanzar los 1520\u2103, lo que permite un funcionamiento estable a largo plazo en entornos de alta temperatura.<br \/>\n<strong>Par\u00e1metros principales\uff1a<\/strong><br \/>\n\u2022 Longitud de la zona de calentamiento (Hz): La longitud de calentamiento de las secciones verticales y horizontales, que determina la potencia de calentamiento y el rango de calentamiento.<br \/>\n\u2022 Longitud del extremo fr\u00edo (CZ): La longitud de la secci\u00f3n de fr\u00edo inferior, utilizada para la conexi\u00f3n del circuito para evitar el sobrecalentamiento de los terminales.<br \/>\n\u2022 Longitud total (OL): La longitud de la secci\u00f3n de calentamiento horizontal, adaptada al ancho de la c\u00e1mara del horno.<br \/>\n\u2022 Espaciamiento (A): La distancia entre las dos secciones de calentamiento vertical, adaptadas a la profundidad de la c\u00e1mara del horno.<br \/>\n\u2022 Extremo transversal (D): el tama\u00f1o de transici\u00f3n en forma de arco en las esquinas, asegurando la resistencia estructural y la conducci\u00f3n de corriente.<br \/>\n\u2022 Di\u00e1metro (OD): El di\u00e1metro uniforme de toda la varilla, asegurando una fuerte adaptabilidad.<br \/>\n<strong>Escenarios aplicables\uff1a<\/strong><br \/>\nSe utiliza principalmente en equipos de alta temperatura que requieren calefacci\u00f3n circundante o adaptado a c\u00e1maras de horno cuadrados, como hornos el\u00e9ctricos cuadrados de laboratorio, hornos de sinterizaci\u00f3n de cer\u00e1mica especial, hornos de tratamiento t\u00e9rmico de componentes electr\u00f3nicos, etc., mejorando eficazmente la uniformidad de temperatura dentro del horno.<\/p>\n<\/div>","protected":false},"excerpt":{"rendered":"<p>Se trata de una varilla calefactora de carburo de silicio en forma de V, un tipo especial de varilla calefactora el\u00e9ctrica de alta temperatura, adecuada para su uso en equipos que requieren calefacci\u00f3n envolvente o formas espec\u00edficas de c\u00e1maras de horno.<\/p>","protected":false},"featured_media":558,"comment_status":"open","ping_status":"closed","template":"","meta":[],"product_brand":[],"product_cat":[29],"product_tag":[],"class_list":{"0":"post-92","1":"product","2":"type-product","3":"status-publish","4":"has-post-thumbnail","6":"product_cat-accessories","8":"first","9":"instock","10":"shipping-taxable","11":"product-type-simple"},"_links":{"self":[{"href":"https:\/\/qixiangmaterial.com\/es\/wp-json\/wp\/v2\/product\/92","targetHints":{"allow":["GET"]}}],"collection":[{"href":"https:\/\/qixiangmaterial.com\/es\/wp-json\/wp\/v2\/product"}],"about":[{"href":"https:\/\/qixiangmaterial.com\/es\/wp-json\/wp\/v2\/types\/product"}],"replies":[{"embeddable":true,"href":"https:\/\/qixiangmaterial.com\/es\/wp-json\/wp\/v2\/comments?post=92"}],"wp:featuredmedia":[{"embeddable":true,"href":"https:\/\/qixiangmaterial.com\/es\/wp-json\/wp\/v2\/media\/558"}],"wp:attachment":[{"href":"https:\/\/qixiangmaterial.com\/es\/wp-json\/wp\/v2\/media?parent=92"}],"wp:term":[{"taxonomy":"product_brand","embeddable":true,"href":"https:\/\/qixiangmaterial.com\/es\/wp-json\/wp\/v2\/product_brand?post=92"},{"taxonomy":"product_cat","embeddable":true,"href":"https:\/\/qixiangmaterial.com\/es\/wp-json\/wp\/v2\/product_cat?post=92"},{"taxonomy":"product_tag","embeddable":true,"href":"https:\/\/qixiangmaterial.com\/es\/wp-json\/wp\/v2\/product_tag?post=92"}],"curies":[{"name":"pp","href":"https:\/\/api.w.org\/{rel}","templated":true}]}}