{"id":95,"date":"2026-01-28T09:26:07","date_gmt":"2026-01-28T09:26:07","guid":{"rendered":"https:\/\/qixiangmaterial.com\/?post_type=product&#038;p=95"},"modified":"2026-02-28T07:18:46","modified_gmt":"2026-02-28T07:18:46","slug":"aluminum-conductive-strips","status":"publish","type":"product","link":"https:\/\/qixiangmaterial.com\/es\/producto\/aluminum-conductive-strips\/","title":{"rendered":"Tiras conductoras de aluminio"},"content":{"rendered":"<h2>Tiras conductoras de aluminio<\/h2>\n<div style=\"overflow-x: auto; width: 100%;\"><strong>Par\u00e1metros de las tiras conductoras de aluminio:<\/strong><\/div>\n<div><\/div>\n<div style=\"overflow-x: auto; width: 100%;\">\n<table style=\"width: 100%; border-collapse: collapse;\">\n<tbody>\n<tr>\n<td width=\"1221\">Di\u00e1metro de la varilla de carburo de silicio (mm)<\/td>\n<td width=\"1114\">Corriente nominal (A)<\/td>\n<td width=\"880\">Ancho (mm)<\/td>\n<td width=\"872\">Apertura (mm)<\/td>\n<\/tr>\n<tr>\n<td width=\"1221\">13<\/td>\n<td width=\"1114\">25<\/td>\n<td width=\"880\">13<\/td>\n<td width=\"872\">7<\/td>\n<\/tr>\n<tr>\n<td width=\"1221\">1619<\/td>\n<td width=\"1114\">50<\/td>\n<td width=\"880\">17<\/td>\n<td width=\"872\">10<\/td>\n<\/tr>\n<tr>\n<td width=\"1221\">2532<\/td>\n<td width=\"1114\">100<\/td>\n<td width=\"880\">33<\/td>\n<td width=\"872\">14<\/td>\n<\/tr>\n<tr>\n<td width=\"1221\">35484454<\/td>\n<td width=\"1114\">200<\/td>\n<td width=\"880\">33<\/td>\n<td width=\"872\">14<\/td>\n<\/tr>\n<tr>\n<td width=\"1221\">70<\/td>\n<td width=\"1114\">400<\/td>\n<td width=\"880\">35<\/td>\n<td width=\"872\">18<\/td>\n<\/tr>\n<\/tbody>\n<\/table>\n<p>Caracter\u00edsticas del producto<br \/>\n\u2022 Material y Estructura: El cuerpo principal est\u00e1 hecho de aluminio puro o de aleaci\u00f3n de aluminio, disponible en dos estructuras: tira de papel de aluminio plano y tira de aluminio trenzado. La estructura trenzada ofrece una mejor flexibilidad y resistencia a la expansi\u00f3n y contracci\u00f3n t\u00e9rmica, amortiguando la deformaci\u00f3n de las barras de carburo de silicio a altas temperaturas.<br \/>\n\u2022 Funci\u00f3n: Al envolver herm\u00e9ticamente el extremo fr\u00edo de la varilla de carburo de silicio, se consigue una conducci\u00f3n fiable de baja resistencia y alta corriente, al mismo tiempo que dispersa el calor en los puntos de contacto para evitar el sobrecalentamiento y quemado localizado.<br \/>\n\u2022 Adaptabilidad: disponible en varias especificaciones para que coincida con diferentes di\u00e1metros de varillas de carburo de silicio, asegurando una conexi\u00f3n y conductividad seguras.<br \/>\nPar\u00e1metros centrales (ver tabla):<\/p>\n<div style=\"overflow-x: auto; width: 100%;\">\n<table style=\"width: 100%; border-collapse: collapse;\">\n<tbody>\n<tr>\n<td width=\"323\">Di\u00e1metro de la barra de carburo de silicio adecuado (mm)<\/td>\n<td width=\"181\">Corriente nominal (A)<\/td>\n<td width=\"222\">Ancho de la tira de aluminio (mm)<\/td>\n<td width=\"257\">Di\u00e1metro del orificio de montaje (mm)<\/td>\n<\/tr>\n<tr>\n<td width=\"323\">13<\/td>\n<td width=\"181\">25<\/td>\n<td width=\"222\">13<\/td>\n<td width=\"257\">7<\/td>\n<\/tr>\n<tr>\n<td width=\"323\">16\u300119<\/td>\n<td width=\"181\">50<\/td>\n<td width=\"222\">17<\/td>\n<td width=\"257\">10<\/td>\n<\/tr>\n<tr>\n<td width=\"323\">25\u300132<\/td>\n<td width=\"181\">100<\/td>\n<td width=\"222\">33<\/td>\n<td width=\"257\">14<\/td>\n<\/tr>\n<tr>\n<td width=\"323\">35, 48, 44, 54<\/td>\n<td width=\"181\">200<\/td>\n<td width=\"222\">33<\/td>\n<td width=\"257\">14<\/td>\n<\/tr>\n<tr>\n<td width=\"323\">70<\/td>\n<td width=\"181\">400<\/td>\n<td width=\"222\">35<\/td>\n<td width=\"257\">18<\/td>\n<\/tr>\n<\/tbody>\n<\/table>\n<p>Es un accesorio esencial para los sistemas de calefacci\u00f3n de carburo de silicio y es ampliamente utilizado en las conexiones de circuito de varios hornos industriales y hornos el\u00e9ctricos de laboratorio, mejorando la seguridad y la estabilidad del sistema de calefacci\u00f3n.<\/p>\n<\/div>\n<\/div>","protected":false},"excerpt":{"rendered":"<p>Estos son los accesorios de conexi\u00f3n para elementos de calentamiento de carburo de silicio, principalmente tiras conductoras de aluminio (tambi\u00e9n llamadas tiras trenzadas de aluminio o tiras de papel de aluminio), que se utilizan para la conexi\u00f3n conductora entre el extremo fr\u00edo del elemento calefactor de carburo de silicio y el circuito de suministro de energ\u00eda.<\/p>","protected":false},"featured_media":561,"comment_status":"open","ping_status":"closed","template":"","meta":[],"product_brand":[],"product_cat":[29],"product_tag":[],"class_list":{"0":"post-95","1":"product","2":"type-product","3":"status-publish","4":"has-post-thumbnail","6":"product_cat-accessories","8":"first","9":"instock","10":"shipping-taxable","11":"product-type-simple"},"_links":{"self":[{"href":"https:\/\/qixiangmaterial.com\/es\/wp-json\/wp\/v2\/product\/95","targetHints":{"allow":["GET"]}}],"collection":[{"href":"https:\/\/qixiangmaterial.com\/es\/wp-json\/wp\/v2\/product"}],"about":[{"href":"https:\/\/qixiangmaterial.com\/es\/wp-json\/wp\/v2\/types\/product"}],"replies":[{"embeddable":true,"href":"https:\/\/qixiangmaterial.com\/es\/wp-json\/wp\/v2\/comments?post=95"}],"wp:featuredmedia":[{"embeddable":true,"href":"https:\/\/qixiangmaterial.com\/es\/wp-json\/wp\/v2\/media\/561"}],"wp:attachment":[{"href":"https:\/\/qixiangmaterial.com\/es\/wp-json\/wp\/v2\/media?parent=95"}],"wp:term":[{"taxonomy":"product_brand","embeddable":true,"href":"https:\/\/qixiangmaterial.com\/es\/wp-json\/wp\/v2\/product_brand?post=95"},{"taxonomy":"product_cat","embeddable":true,"href":"https:\/\/qixiangmaterial.com\/es\/wp-json\/wp\/v2\/product_cat?post=95"},{"taxonomy":"product_tag","embeddable":true,"href":"https:\/\/qixiangmaterial.com\/es\/wp-json\/wp\/v2\/product_tag?post=95"}],"curies":[{"name":"pp","href":"https:\/\/api.w.org\/{rel}","templated":true}]}}