{"id":98,"date":"2026-01-28T10:01:57","date_gmt":"2026-01-28T10:01:57","guid":{"rendered":"https:\/\/qixiangmaterial.com\/?post_type=product&#038;p=98"},"modified":"2026-02-28T07:14:41","modified_gmt":"2026-02-28T07:14:41","slug":"g-type-aluminum-conductive-strip","status":"publish","type":"product","link":"https:\/\/qixiangmaterial.com\/es\/producto\/g-type-aluminum-conductive-strip\/","title":{"rendered":"Tira conductora de aluminio tipo G"},"content":{"rendered":"<h2>Tira conductora de aluminio tipo G<\/h2>\n<div><strong>G type aluminum conductive strip parameters<\/strong><\/div>\n<div style=\"overflow-x: auto; width: 100%;\">\n<table style=\"width: 100%; border-collapse: collapse;\">\n<tbody>\n<tr>\n<td width=\"612\">Di\u00e1metro de la varilla de carburo de silicio (mm)<\/td>\n<td width=\"612\">modelo<\/td>\n<td width=\"612\">Ancho (mm)<\/td>\n<td width=\"612\">Corriente nominal (A)<\/td>\n<td width=\"612\">Apertura (mm)<\/td>\n<\/tr>\n<tr>\n<td width=\"612\">13<\/td>\n<td width=\"612\">D-13<\/td>\n<td width=\"612\">24<\/td>\n<td width=\"612\">50<\/td>\n<td width=\"612\">10<\/td>\n<\/tr>\n<tr>\n<td width=\"612\">16<\/td>\n<td width=\"612\">D-16<\/td>\n<td width=\"612\">24<\/td>\n<td width=\"612\">50<\/td>\n<td width=\"612\">10<\/td>\n<\/tr>\n<tr>\n<td width=\"612\">19<\/td>\n<td width=\"612\">D-19<\/td>\n<td width=\"612\">24<\/td>\n<td width=\"612\">75<\/td>\n<td width=\"612\">10<\/td>\n<\/tr>\n<tr>\n<td width=\"612\">25<\/td>\n<td width=\"612\">D-25<\/td>\n<td width=\"612\">24<\/td>\n<td width=\"612\">100<\/td>\n<td width=\"612\">14<\/td>\n<\/tr>\n<tr>\n<td width=\"612\">28<\/td>\n<td width=\"612\">D-28<\/td>\n<td width=\"612\">24<\/td>\n<td width=\"612\">75<\/td>\n<td width=\"612\">10<\/td>\n<\/tr>\n<tr>\n<td width=\"612\">32<\/td>\n<td width=\"612\">D-32<\/td>\n<td width=\"612\">24<\/td>\n<td width=\"612\">100<\/td>\n<td width=\"612\">14<\/td>\n<\/tr>\n<tr>\n<td width=\"612\">35<\/td>\n<td width=\"612\">D-35<\/td>\n<td width=\"612\">51<\/td>\n<td width=\"612\">200<\/td>\n<td width=\"612\">14<\/td>\n<\/tr>\n<tr>\n<td width=\"612\">38<\/td>\n<td width=\"612\">D-38<\/td>\n<td width=\"612\">51<\/td>\n<td width=\"612\">200<\/td>\n<td width=\"612\">14<\/td>\n<\/tr>\n<tr>\n<td width=\"612\">44<\/td>\n<td width=\"612\">D-44<\/td>\n<td width=\"612\">51<\/td>\n<td width=\"612\">200<\/td>\n<td width=\"612\">14<\/td>\n<\/tr>\n<tr>\n<td width=\"612\">50<\/td>\n<td width=\"612\">D-50<\/td>\n<td width=\"612\">51<\/td>\n<td width=\"612\">200<\/td>\n<td width=\"612\">14<\/td>\n<\/tr>\n<tr>\n<td width=\"612\">54<\/td>\n<td width=\"612\">D-54<\/td>\n<td width=\"612\">51<\/td>\n<td width=\"612\">200<\/td>\n<td width=\"612\">14<\/td>\n<\/tr>\n<tr>\n<td width=\"612\">64<\/td>\n<td width=\"612\">D-64<\/td>\n<td width=\"612\">51<\/td>\n<td width=\"612\">200<\/td>\n<td width=\"612\">14<\/td>\n<\/tr>\n<tr>\n<td width=\"612\">70<\/td>\n<td width=\"612\">D-70<\/td>\n<td width=\"612\">51<\/td>\n<td width=\"612\">200<\/td>\n<td width=\"612\">14<\/td>\n<\/tr>\n<tr>\n<td width=\"612\">76<\/td>\n<td width=\"612\">D-76<\/td>\n<td width=\"612\">51<\/td>\n<td width=\"612\">200<\/td>\n<td width=\"612\">14<\/td>\n<\/tr>\n<\/tbody>\n<\/table>\n<p><strong>Caracter\u00edsticas del producto<\/strong><\/p>\n<p>\u2022 Dise\u00f1o estructural: es un conjunto completo que integra tiras trenzadas de aluminio, placas de compresi\u00f3n de metal y componentes aislantes, asegurados por pernos. Esta estructura proporciona una mayor \u00e1rea de contacto, una conductividad superior y una mejor resistencia a la vibraci\u00f3n en comparaci\u00f3n con las tiras de aluminio ordinarias.<br \/>\n\u2022 Rendimiento del material: el cuerpo principal utiliza tiras trenzadas de aluminio de alta pureza, ofreciendo una buena flexibilidad y la capacidad de absorber la expansi\u00f3n t\u00e9rmica y la deformaci\u00f3n de la contracci\u00f3n de las barras de carburo de silicio a altas temperaturas, evitando conexiones sueltas.<br \/>\n\u2022 Ventajas funcionales: el dise\u00f1o de la placa de compresi\u00f3n permite una transmisi\u00f3n estable de altas corrientes, reduce la resistencia de contacto, minimiza la p\u00e9rdida de calor y mejora la seguridad y fiabilidad de todo el sistema de calefacci\u00f3n.<\/p>\n<p><strong>Par\u00e1metros centrales (ver tabla)<\/strong><\/p>\n<div style=\"overflow-x: auto; width: 100%;\">\n<table style=\"width: 100%; border-collapse: collapse;\">\n<tbody>\n<tr>\n<td width=\"328\">Di\u00e1metro de la barra de carburo de silicio adecuado (mm)<\/td>\n<td width=\"163\">modelo<\/td>\n<td width=\"152\">Ancho (mm)<\/td>\n<td width=\"182\">Corriente nominal (A)<\/td>\n<td width=\"184\">Apertura (mm)<\/td>\n<\/tr>\n<tr>\n<td width=\"328\">13, 16<\/td>\n<td width=\"163\">D-13\/D-16<\/td>\n<td width=\"152\">24<\/td>\n<td width=\"182\">50<\/td>\n<td width=\"184\">10<\/td>\n<\/tr>\n<tr>\n<td width=\"328\">19<\/td>\n<td width=\"163\">D-19<\/td>\n<td width=\"152\">24<\/td>\n<td width=\"182\">75<\/td>\n<td width=\"184\">10<\/td>\n<\/tr>\n<tr>\n<td width=\"328\">25\u300132<\/td>\n<td width=\"163\">D-25\/D-32<\/td>\n<td width=\"152\">24<\/td>\n<td width=\"182\">100<\/td>\n<td width=\"184\">14<\/td>\n<\/tr>\n<tr>\n<td width=\"328\">35 y superior<\/td>\n<td width=\"163\">D-35 y superior<\/td>\n<td width=\"152\">51<\/td>\n<td width=\"182\">200<\/td>\n<td width=\"184\">14<\/td>\n<\/tr>\n<\/tbody>\n<\/table>\n<p>Se utiliza principalmente en hornos industriales de alta corriente y de alta corriente y hornos el\u00e9ctricos de laboratorio, y es un componente clave para garantizar el funcionamiento estable de los sistemas de calefacci\u00f3n de carburo de silicio. Es especialmente adecuado para su uso en condiciones que involucran arranques y paradas frecuentes o vibraciones.<\/p>\n<\/div>\n<\/div>","protected":false},"excerpt":{"rendered":"<p>This is a set of connecting accessories for silicon carbide heating elements, specifically a G type aluminum conductive strip assembly, used to connect the cold end of the silicon carbide heating element to the power supply system. It represents an enhanced conductive connection solution.<\/p>","protected":false},"featured_media":562,"comment_status":"open","ping_status":"closed","template":"","meta":[],"product_brand":[],"product_cat":[29],"product_tag":[],"class_list":{"0":"post-98","1":"product","2":"type-product","3":"status-publish","4":"has-post-thumbnail","6":"product_cat-accessories","8":"first","9":"instock","10":"shipping-taxable","11":"product-type-simple"},"_links":{"self":[{"href":"https:\/\/qixiangmaterial.com\/es\/wp-json\/wp\/v2\/product\/98","targetHints":{"allow":["GET"]}}],"collection":[{"href":"https:\/\/qixiangmaterial.com\/es\/wp-json\/wp\/v2\/product"}],"about":[{"href":"https:\/\/qixiangmaterial.com\/es\/wp-json\/wp\/v2\/types\/product"}],"replies":[{"embeddable":true,"href":"https:\/\/qixiangmaterial.com\/es\/wp-json\/wp\/v2\/comments?post=98"}],"wp:featuredmedia":[{"embeddable":true,"href":"https:\/\/qixiangmaterial.com\/es\/wp-json\/wp\/v2\/media\/562"}],"wp:attachment":[{"href":"https:\/\/qixiangmaterial.com\/es\/wp-json\/wp\/v2\/media?parent=98"}],"wp:term":[{"taxonomy":"product_brand","embeddable":true,"href":"https:\/\/qixiangmaterial.com\/es\/wp-json\/wp\/v2\/product_brand?post=98"},{"taxonomy":"product_cat","embeddable":true,"href":"https:\/\/qixiangmaterial.com\/es\/wp-json\/wp\/v2\/product_cat?post=98"},{"taxonomy":"product_tag","embeddable":true,"href":"https:\/\/qixiangmaterial.com\/es\/wp-json\/wp\/v2\/product_tag?post=98"}],"curies":[{"name":"pp","href":"https:\/\/api.w.org\/{rel}","templated":true}]}}